{"id":31636,"date":"2023-05-27T23:18:14","date_gmt":"2023-05-27T23:18:14","guid":{"rendered":"https:\/\/normandie.ma\/?product=mega-salts-watermelon-rush-ice-menthole-30ml-3"},"modified":"2023-05-27T23:18:14","modified_gmt":"2023-05-27T23:18:14","slug":"mega-salts-watermelon-rush-ice-menthole-30ml-3","status":"publish","type":"product","link":"https:\/\/normandie.ma\/?product=mega-salts-watermelon-rush-ice-menthole-30ml-3","title":{"rendered":"Mega Salts \u2013 Watermelon Rush Ice- Menthol\u00e9 30ml"},"content":{"rendered":"<p>L\u2019 e-liquide Salt Watermelon Rush Ice 30ml de la marque Verdict Vapors Salts est une fusion juteuse de past\u00e8que all\u00e9chante et de fraises sucr\u00e9es avec une touche fra\u00eeche de menthe. \u00c0 l\u2019ouverture du flacon, on ressent une assez forte odeur de fruit\u00e9e et de l\u00e9g\u00e8res notes apport\u00e9es par les ar\u00f4mes de la past\u00e8que, la fraise n\u2019est pas per\u00e7ue.<\/p>\n","protected":false},"excerpt":{"rendered":"<p>L\u2019 e-liquide Salt Watermelon Rush Ice 30ml de la marque Verdict Vapors Salts est une fusion juteuse de past\u00e8que all\u00e9chante et de fraises sucr\u00e9es avec une touche fra\u00eeche de menthe. \u00c0 l\u2019ouverture du flacon, on ressent une assez forte odeur de fruit\u00e9e et de l\u00e9g\u00e8res notes apport\u00e9es par les ar\u00f4mes de la past\u00e8que, la fraise [&hellip;]<\/p>\n","protected":false},"featured_media":30797,"comment_status":"open","ping_status":"closed","template":"","meta":{"om_disable_all_campaigns":false,"_monsterinsights_skip_tracking":false,"_monsterinsights_sitenote_active":false,"_monsterinsights_sitenote_note":"","_monsterinsights_sitenote_category":0},"product_brand":[],"product_cat":[224,208,397],"product_tag":[],"class_list":{"0":"post-31636","1":"product","2":"type-product","3":"status-publish","4":"has-post-thumbnail","6":"product_cat-mrq-salt","7":"product_cat-salt","8":"product_cat-verdict-vapors-salts","11":"first","12":"instock","13":"featured","14":"shipping-taxable","15":"purchasable","16":"product-type-simple"},"aioseo_notices":[],"jetpack_sharing_enabled":true,"_links":{"self":[{"href":"https:\/\/normandie.ma\/index.php?rest_route=\/wp\/v2\/product\/31636","targetHints":{"allow":["GET"]}}],"collection":[{"href":"https:\/\/normandie.ma\/index.php?rest_route=\/wp\/v2\/product"}],"about":[{"href":"https:\/\/normandie.ma\/index.php?rest_route=\/wp\/v2\/types\/product"}],"replies":[{"embeddable":true,"href":"https:\/\/normandie.ma\/index.php?rest_route=%2Fwp%2Fv2%2Fcomments&post=31636"}],"wp:featuredmedia":[{"embeddable":true,"href":"https:\/\/normandie.ma\/index.php?rest_route=\/wp\/v2\/media\/30797"}],"wp:attachment":[{"href":"https:\/\/normandie.ma\/index.php?rest_route=%2Fwp%2Fv2%2Fmedia&parent=31636"}],"wp:term":[{"taxonomy":"product_brand","embeddable":true,"href":"https:\/\/normandie.ma\/index.php?rest_route=%2Fwp%2Fv2%2Fproduct_brand&post=31636"},{"taxonomy":"product_cat","embeddable":true,"href":"https:\/\/normandie.ma\/index.php?rest_route=%2Fwp%2Fv2%2Fproduct_cat&post=31636"},{"taxonomy":"product_tag","embeddable":true,"href":"https:\/\/normandie.ma\/index.php?rest_route=%2Fwp%2Fv2%2Fproduct_tag&post=31636"}],"curies":[{"name":"wp","href":"https:\/\/api.w.org\/{rel}","templated":true}]}}