{"id":31646,"date":"2023-05-27T23:18:19","date_gmt":"2023-05-27T23:18:19","guid":{"rendered":"https:\/\/normandie.ma\/?product=paradise-sunshine-berry-10ml-salt-4"},"modified":"2023-06-07T01:54:08","modified_gmt":"2023-06-07T01:54:08","slug":"paradise-sunshine-berry-10ml-salt-4","status":"publish","type":"product","link":"https:\/\/normandie.ma\/?product=paradise-sunshine-berry-10ml-salt-4","title":{"rendered":"Paradise \u2013 Sunshine Berry \u2013 10ml SALT"},"content":{"rendered":"<p>Sunshine Berry vous propose de d\u00e9guster un e-liquide salt fruit\u00e9 aux saveurs de fraises, de melons et de grenadines le tout relev\u00e9 par une touche de fraicheur dont seul Paradise connait le secret gorg\u00e9 de fruit, de sucre et de menthe agr\u00e9able \u00e0 votre palais !<\/p>\n","protected":false},"excerpt":{"rendered":"<p>Sunshine Berry vous propose de d\u00e9guster un e-liquide salt fruit\u00e9 aux saveurs de fraises, de melons et de grenadines le tout relev\u00e9 par une touche de fraicheur dont seul Paradise connait le secret gorg\u00e9 de fruit, de sucre et de menthe agr\u00e9able \u00e0 votre palais !<\/p>\n","protected":false},"featured_media":30807,"comment_status":"open","ping_status":"closed","template":"","meta":{"om_disable_all_campaigns":false,"_monsterinsights_skip_tracking":false,"_monsterinsights_sitenote_active":false,"_monsterinsights_sitenote_note":"","_monsterinsights_sitenote_category":0},"product_brand":[],"product_cat":[399,398,208],"product_tag":[],"class_list":{"0":"post-31646","1":"product","2":"type-product","3":"status-publish","4":"has-post-thumbnail","6":"product_cat-12mg","7":"product_cat-filtre-par-dosage-de-nicotine-salt","8":"product_cat-salt","11":"first","12":"instock","13":"featured","14":"shipping-taxable","15":"purchasable","16":"product-type-variable"},"aioseo_notices":[],"jetpack_sharing_enabled":true,"_links":{"self":[{"href":"https:\/\/normandie.ma\/index.php?rest_route=\/wp\/v2\/product\/31646","targetHints":{"allow":["GET"]}}],"collection":[{"href":"https:\/\/normandie.ma\/index.php?rest_route=\/wp\/v2\/product"}],"about":[{"href":"https:\/\/normandie.ma\/index.php?rest_route=\/wp\/v2\/types\/product"}],"replies":[{"embeddable":true,"href":"https:\/\/normandie.ma\/index.php?rest_route=%2Fwp%2Fv2%2Fcomments&post=31646"}],"wp:featuredmedia":[{"embeddable":true,"href":"https:\/\/normandie.ma\/index.php?rest_route=\/wp\/v2\/media\/30807"}],"wp:attachment":[{"href":"https:\/\/normandie.ma\/index.php?rest_route=%2Fwp%2Fv2%2Fmedia&parent=31646"}],"wp:term":[{"taxonomy":"product_brand","embeddable":true,"href":"https:\/\/normandie.ma\/index.php?rest_route=%2Fwp%2Fv2%2Fproduct_brand&post=31646"},{"taxonomy":"product_cat","embeddable":true,"href":"https:\/\/normandie.ma\/index.php?rest_route=%2Fwp%2Fv2%2Fproduct_cat&post=31646"},{"taxonomy":"product_tag","embeddable":true,"href":"https:\/\/normandie.ma\/index.php?rest_route=%2Fwp%2Fv2%2Fproduct_tag&post=31646"}],"curies":[{"name":"wp","href":"https:\/\/api.w.org\/{rel}","templated":true}]}}