{"id":31649,"date":"2023-05-27T23:18:20","date_gmt":"2023-05-27T23:18:20","guid":{"rendered":"https:\/\/normandie.ma\/?product=vapetasia-salts-royalty-ii-30ml-5"},"modified":"2023-06-07T01:48:34","modified_gmt":"2023-06-07T01:48:34","slug":"vapetasia-salts-royalty-ii-30ml-5","status":"publish","type":"product","link":"https:\/\/normandie.ma\/?product=vapetasia-salts-royalty-ii-30ml-5","title":{"rendered":"Vapetasia salts \u2013 Royalty II 30ml"},"content":{"rendered":"<p>Royalty II Salt est appr\u00e9ci\u00e9 par les nouveaux et les anciens vapoteurs. Lorsque vous inhalez, vous trouverez des notes de cr\u00e8me anglaise sal\u00e9e, de noisette et de vanille cr\u00e9meuse m\u00e9lang\u00e9es \u00e0 une douce saveur de tabac terreux qui ravira le palais le plus exigeant. Lorsque vous expirez, vous serez accueilli par les saveurs les plus douces et les plus cr\u00e9meuses qui soient !<\/p>\n<p>Saveurs : Cr\u00e8me anglaise \/ Noisette \/ Vanille<\/p>\n","protected":false},"excerpt":{"rendered":"<p>Royalty II Salt est appr\u00e9ci\u00e9 par les nouveaux et les anciens vapoteurs. Lorsque vous inhalez, vous trouverez des notes de cr\u00e8me anglaise sal\u00e9e, de noisette et de vanille cr\u00e9meuse m\u00e9lang\u00e9es \u00e0 une douce saveur de tabac terreux qui ravira le palais le plus exigeant. Lorsque vous expirez, vous serez accueilli par les saveurs les plus [&hellip;]<\/p>\n","protected":false},"featured_media":30810,"comment_status":"open","ping_status":"closed","template":"","meta":{"om_disable_all_campaigns":false,"_monsterinsights_skip_tracking":false,"_monsterinsights_sitenote_active":false,"_monsterinsights_sitenote_note":"","_monsterinsights_sitenote_category":0},"product_brand":[],"product_cat":[399,398,208],"product_tag":[],"class_list":{"0":"post-31649","1":"product","2":"type-product","3":"status-publish","4":"has-post-thumbnail","6":"product_cat-12mg","7":"product_cat-filtre-par-dosage-de-nicotine-salt","8":"product_cat-salt","11":"first","12":"instock","13":"featured","14":"shipping-taxable","15":"purchasable","16":"product-type-variable"},"aioseo_notices":[],"jetpack_sharing_enabled":true,"_links":{"self":[{"href":"https:\/\/normandie.ma\/index.php?rest_route=\/wp\/v2\/product\/31649","targetHints":{"allow":["GET"]}}],"collection":[{"href":"https:\/\/normandie.ma\/index.php?rest_route=\/wp\/v2\/product"}],"about":[{"href":"https:\/\/normandie.ma\/index.php?rest_route=\/wp\/v2\/types\/product"}],"replies":[{"embeddable":true,"href":"https:\/\/normandie.ma\/index.php?rest_route=%2Fwp%2Fv2%2Fcomments&post=31649"}],"wp:featuredmedia":[{"embeddable":true,"href":"https:\/\/normandie.ma\/index.php?rest_route=\/wp\/v2\/media\/30810"}],"wp:attachment":[{"href":"https:\/\/normandie.ma\/index.php?rest_route=%2Fwp%2Fv2%2Fmedia&parent=31649"}],"wp:term":[{"taxonomy":"product_brand","embeddable":true,"href":"https:\/\/normandie.ma\/index.php?rest_route=%2Fwp%2Fv2%2Fproduct_brand&post=31649"},{"taxonomy":"product_cat","embeddable":true,"href":"https:\/\/normandie.ma\/index.php?rest_route=%2Fwp%2Fv2%2Fproduct_cat&post=31649"},{"taxonomy":"product_tag","embeddable":true,"href":"https:\/\/normandie.ma\/index.php?rest_route=%2Fwp%2Fv2%2Fproduct_tag&post=31649"}],"curies":[{"name":"wp","href":"https:\/\/api.w.org\/{rel}","templated":true}]}}