{"id":31657,"date":"2023-05-27T23:18:23","date_gmt":"2023-05-27T23:18:23","guid":{"rendered":"https:\/\/normandie.ma\/?product=euphoria-classic-salts-heaven-30ml-4"},"modified":"2023-06-07T01:41:13","modified_gmt":"2023-06-07T01:41:13","slug":"euphoria-classic-salts-heaven-30ml-4","status":"publish","type":"product","link":"https:\/\/normandie.ma\/?product=euphoria-classic-salts-heaven-30ml-4","title":{"rendered":"Euphoria Classic Salts \u2013 Heaven \u2013 30ml"},"content":{"rendered":"<p>Heaven est le nouveau e-liquide Salt de 30ml de la marque Euphoria Salts, un plaisir sucr\u00e9 ultra frais de framboise rouge irr\u00e9sistiblement d\u00e9licieuse. Cette composition fruit\u00e9e est sublim\u00e9e par une touche de fra\u00eecheur, qui rend sa vapeur si douce et rafra\u00eechissante.<\/p>\n","protected":false},"excerpt":{"rendered":"<p>Heaven est le nouveau e-liquide Salt de 30ml de la marque Euphoria Salts, un plaisir sucr\u00e9 ultra frais de framboise rouge irr\u00e9sistiblement d\u00e9licieuse. Cette composition fruit\u00e9e est sublim\u00e9e par une touche de fra\u00eecheur, qui rend sa vapeur si douce et rafra\u00eechissante.<\/p>\n","protected":false},"featured_media":30816,"comment_status":"open","ping_status":"closed","template":"","meta":{"om_disable_all_campaigns":false,"_monsterinsights_skip_tracking":false,"_monsterinsights_sitenote_active":false,"_monsterinsights_sitenote_note":"","_monsterinsights_sitenote_category":0},"product_brand":[],"product_cat":[400,398,208],"product_tag":[],"class_list":{"0":"post-31657","1":"product","2":"type-product","3":"status-publish","4":"has-post-thumbnail","6":"product_cat-20mg","7":"product_cat-filtre-par-dosage-de-nicotine-salt","8":"product_cat-salt","11":"first","12":"instock","13":"featured","14":"shipping-taxable","15":"purchasable","16":"product-type-variable"},"aioseo_notices":[],"jetpack_sharing_enabled":true,"_links":{"self":[{"href":"https:\/\/normandie.ma\/index.php?rest_route=\/wp\/v2\/product\/31657","targetHints":{"allow":["GET"]}}],"collection":[{"href":"https:\/\/normandie.ma\/index.php?rest_route=\/wp\/v2\/product"}],"about":[{"href":"https:\/\/normandie.ma\/index.php?rest_route=\/wp\/v2\/types\/product"}],"replies":[{"embeddable":true,"href":"https:\/\/normandie.ma\/index.php?rest_route=%2Fwp%2Fv2%2Fcomments&post=31657"}],"wp:featuredmedia":[{"embeddable":true,"href":"https:\/\/normandie.ma\/index.php?rest_route=\/wp\/v2\/media\/30816"}],"wp:attachment":[{"href":"https:\/\/normandie.ma\/index.php?rest_route=%2Fwp%2Fv2%2Fmedia&parent=31657"}],"wp:term":[{"taxonomy":"product_brand","embeddable":true,"href":"https:\/\/normandie.ma\/index.php?rest_route=%2Fwp%2Fv2%2Fproduct_brand&post=31657"},{"taxonomy":"product_cat","embeddable":true,"href":"https:\/\/normandie.ma\/index.php?rest_route=%2Fwp%2Fv2%2Fproduct_cat&post=31657"},{"taxonomy":"product_tag","embeddable":true,"href":"https:\/\/normandie.ma\/index.php?rest_route=%2Fwp%2Fv2%2Fproduct_tag&post=31657"}],"curies":[{"name":"wp","href":"https:\/\/api.w.org\/{rel}","templated":true}]}}