{"id":31658,"date":"2023-05-27T23:18:23","date_gmt":"2023-05-27T23:18:23","guid":{"rendered":"https:\/\/normandie.ma\/?product=euphoria-classic-salts-magic-bloom-30ml-4"},"modified":"2023-06-07T01:41:55","modified_gmt":"2023-06-07T01:41:55","slug":"euphoria-classic-salts-magic-bloom-30ml-4","status":"publish","type":"product","link":"https:\/\/normandie.ma\/?product=euphoria-classic-salts-magic-bloom-30ml-4","title":{"rendered":"Euphoria Classic Salts \u2013 Magic Bloom \u2013 30ml"},"content":{"rendered":"<p>Nous vous invitons \u00e0 essayer le Magic Bloom d\u2019Euphoria Salts. La bouteille contient un go\u00fbt de cantaloup et de p\u00eache succulente qui comblera votre soif de jus fruit\u00e9 !<\/p>\n","protected":false},"excerpt":{"rendered":"<p>Nous vous invitons \u00e0 essayer le Magic Bloom d\u2019Euphoria Salts. La bouteille contient un go\u00fbt de cantaloup et de p\u00eache succulente qui comblera votre soif de jus fruit\u00e9 !<\/p>\n","protected":false},"featured_media":30817,"comment_status":"open","ping_status":"closed","template":"","meta":{"om_disable_all_campaigns":false,"_monsterinsights_skip_tracking":false,"_monsterinsights_sitenote_active":false,"_monsterinsights_sitenote_note":"","_monsterinsights_sitenote_category":0},"product_brand":[],"product_cat":[400,398,208],"product_tag":[],"class_list":{"0":"post-31658","1":"product","2":"type-product","3":"status-publish","4":"has-post-thumbnail","6":"product_cat-20mg","7":"product_cat-filtre-par-dosage-de-nicotine-salt","8":"product_cat-salt","11":"first","12":"instock","13":"featured","14":"shipping-taxable","15":"purchasable","16":"product-type-variable"},"aioseo_notices":[],"jetpack_sharing_enabled":true,"_links":{"self":[{"href":"https:\/\/normandie.ma\/index.php?rest_route=\/wp\/v2\/product\/31658","targetHints":{"allow":["GET"]}}],"collection":[{"href":"https:\/\/normandie.ma\/index.php?rest_route=\/wp\/v2\/product"}],"about":[{"href":"https:\/\/normandie.ma\/index.php?rest_route=\/wp\/v2\/types\/product"}],"replies":[{"embeddable":true,"href":"https:\/\/normandie.ma\/index.php?rest_route=%2Fwp%2Fv2%2Fcomments&post=31658"}],"wp:featuredmedia":[{"embeddable":true,"href":"https:\/\/normandie.ma\/index.php?rest_route=\/wp\/v2\/media\/30817"}],"wp:attachment":[{"href":"https:\/\/normandie.ma\/index.php?rest_route=%2Fwp%2Fv2%2Fmedia&parent=31658"}],"wp:term":[{"taxonomy":"product_brand","embeddable":true,"href":"https:\/\/normandie.ma\/index.php?rest_route=%2Fwp%2Fv2%2Fproduct_brand&post=31658"},{"taxonomy":"product_cat","embeddable":true,"href":"https:\/\/normandie.ma\/index.php?rest_route=%2Fwp%2Fv2%2Fproduct_cat&post=31658"},{"taxonomy":"product_tag","embeddable":true,"href":"https:\/\/normandie.ma\/index.php?rest_route=%2Fwp%2Fv2%2Fproduct_tag&post=31658"}],"curies":[{"name":"wp","href":"https:\/\/api.w.org\/{rel}","templated":true}]}}