{"id":31659,"date":"2023-05-27T23:18:24","date_gmt":"2023-05-27T23:18:24","guid":{"rendered":"https:\/\/normandie.ma\/?product=euphoria-classic-salts-purple-grape-30ml-4"},"modified":"2023-06-07T01:40:09","modified_gmt":"2023-06-07T01:40:09","slug":"euphoria-classic-salts-purple-grape-30ml-4","status":"publish","type":"product","link":"https:\/\/normandie.ma\/?product=euphoria-classic-salts-purple-grape-30ml-4","title":{"rendered":"Euphoria Classic Salts \u2013 Purple Grape \u2013 30ml"},"content":{"rendered":"<p>Purple Grape de la marque Euphoria Salts au caract\u00e8re atypique qui va vous impressionner ! Il a un d\u00e9licieux go\u00fbt de jus de raisin noir frais, plein de douceur et de l\u00e9g\u00e8ret\u00e9.<\/p>\n","protected":false},"excerpt":{"rendered":"<p>Purple Grape de la marque Euphoria Salts au caract\u00e8re atypique qui va vous impressionner ! Il a un d\u00e9licieux go\u00fbt de jus de raisin noir frais, plein de douceur et de l\u00e9g\u00e8ret\u00e9.<\/p>\n","protected":false},"featured_media":30818,"comment_status":"open","ping_status":"closed","template":"","meta":{"om_disable_all_campaigns":false,"_monsterinsights_skip_tracking":false,"_monsterinsights_sitenote_active":false,"_monsterinsights_sitenote_note":"","_monsterinsights_sitenote_category":0},"product_brand":[],"product_cat":[400,398,208],"product_tag":[],"class_list":{"0":"post-31659","1":"product","2":"type-product","3":"status-publish","4":"has-post-thumbnail","6":"product_cat-20mg","7":"product_cat-filtre-par-dosage-de-nicotine-salt","8":"product_cat-salt","11":"first","12":"instock","13":"featured","14":"shipping-taxable","15":"purchasable","16":"product-type-variable"},"aioseo_notices":[],"jetpack_sharing_enabled":true,"_links":{"self":[{"href":"https:\/\/normandie.ma\/index.php?rest_route=\/wp\/v2\/product\/31659","targetHints":{"allow":["GET"]}}],"collection":[{"href":"https:\/\/normandie.ma\/index.php?rest_route=\/wp\/v2\/product"}],"about":[{"href":"https:\/\/normandie.ma\/index.php?rest_route=\/wp\/v2\/types\/product"}],"replies":[{"embeddable":true,"href":"https:\/\/normandie.ma\/index.php?rest_route=%2Fwp%2Fv2%2Fcomments&post=31659"}],"wp:featuredmedia":[{"embeddable":true,"href":"https:\/\/normandie.ma\/index.php?rest_route=\/wp\/v2\/media\/30818"}],"wp:attachment":[{"href":"https:\/\/normandie.ma\/index.php?rest_route=%2Fwp%2Fv2%2Fmedia&parent=31659"}],"wp:term":[{"taxonomy":"product_brand","embeddable":true,"href":"https:\/\/normandie.ma\/index.php?rest_route=%2Fwp%2Fv2%2Fproduct_brand&post=31659"},{"taxonomy":"product_cat","embeddable":true,"href":"https:\/\/normandie.ma\/index.php?rest_route=%2Fwp%2Fv2%2Fproduct_cat&post=31659"},{"taxonomy":"product_tag","embeddable":true,"href":"https:\/\/normandie.ma\/index.php?rest_route=%2Fwp%2Fv2%2Fproduct_tag&post=31659"}],"curies":[{"name":"wp","href":"https:\/\/api.w.org\/{rel}","templated":true}]}}