{"id":31665,"date":"2023-05-27T23:18:26","date_gmt":"2023-05-27T23:18:26","guid":{"rendered":"https:\/\/normandie.ma\/?product=summer-vibes-30ml-salt-ripe-vapes-5"},"modified":"2023-06-06T00:54:15","modified_gmt":"2023-06-06T00:54:15","slug":"summer-vibes-30ml-salt-ripe-vapes-5","status":"publish","type":"product","link":"https:\/\/normandie.ma\/?product=summer-vibes-30ml-salt-ripe-vapes-5","title":{"rendered":"Summer Vibes \u2013 30ml SALT \/ Ripe Vapes"},"content":{"rendered":"<p>L\u2019e-liquide Salt Summer Vibes 30ml by Ripe Vapes est un m\u00e9lange de bananes cr\u00e9meuses, de fraises juteuses, de jus de citron vert et de lait de coco doux et soyeux. Chaque inhalation d\u00e9livre une dose satisfaisante de saveurs !<\/p>\n","protected":false},"excerpt":{"rendered":"<p>L\u2019e-liquide Salt Summer Vibes 30ml by Ripe Vapes est un m\u00e9lange de bananes cr\u00e9meuses, de fraises juteuses, de jus de citron vert et de lait de coco doux et soyeux. Chaque inhalation d\u00e9livre une dose satisfaisante de saveurs !<\/p>\n","protected":false},"featured_media":30824,"comment_status":"open","ping_status":"closed","template":"","meta":{"om_disable_all_campaigns":false,"_monsterinsights_skip_tracking":false,"_monsterinsights_sitenote_active":false,"_monsterinsights_sitenote_note":"","_monsterinsights_sitenote_category":0},"product_brand":[],"product_cat":[400,398,208],"product_tag":[],"class_list":{"0":"post-31665","1":"product","2":"type-product","3":"status-publish","4":"has-post-thumbnail","6":"product_cat-20mg","7":"product_cat-filtre-par-dosage-de-nicotine-salt","8":"product_cat-salt","11":"first","12":"instock","13":"featured","14":"shipping-taxable","15":"purchasable","16":"product-type-variable"},"aioseo_notices":[],"jetpack_sharing_enabled":true,"_links":{"self":[{"href":"https:\/\/normandie.ma\/index.php?rest_route=\/wp\/v2\/product\/31665","targetHints":{"allow":["GET"]}}],"collection":[{"href":"https:\/\/normandie.ma\/index.php?rest_route=\/wp\/v2\/product"}],"about":[{"href":"https:\/\/normandie.ma\/index.php?rest_route=\/wp\/v2\/types\/product"}],"replies":[{"embeddable":true,"href":"https:\/\/normandie.ma\/index.php?rest_route=%2Fwp%2Fv2%2Fcomments&post=31665"}],"wp:featuredmedia":[{"embeddable":true,"href":"https:\/\/normandie.ma\/index.php?rest_route=\/wp\/v2\/media\/30824"}],"wp:attachment":[{"href":"https:\/\/normandie.ma\/index.php?rest_route=%2Fwp%2Fv2%2Fmedia&parent=31665"}],"wp:term":[{"taxonomy":"product_brand","embeddable":true,"href":"https:\/\/normandie.ma\/index.php?rest_route=%2Fwp%2Fv2%2Fproduct_brand&post=31665"},{"taxonomy":"product_cat","embeddable":true,"href":"https:\/\/normandie.ma\/index.php?rest_route=%2Fwp%2Fv2%2Fproduct_cat&post=31665"},{"taxonomy":"product_tag","embeddable":true,"href":"https:\/\/normandie.ma\/index.php?rest_route=%2Fwp%2Fv2%2Fproduct_tag&post=31665"}],"curies":[{"name":"wp","href":"https:\/\/api.w.org\/{rel}","templated":true}]}}