{"id":31674,"date":"2023-05-27T23:18:42","date_gmt":"2023-05-27T23:18:42","guid":{"rendered":"https:\/\/normandie.ma\/?product=paradise-pineapple-brew-10ml-salt-5"},"modified":"2023-06-06T00:15:21","modified_gmt":"2023-06-06T00:15:21","slug":"paradise-pineapple-brew-10ml-salt-5","status":"publish","type":"product","link":"https:\/\/normandie.ma\/?product=paradise-pineapple-brew-10ml-salt-5","title":{"rendered":"Paradise \u2013 Pineapple Brew \u2013 10ml SALT"},"content":{"rendered":"<p>Pineapple Brew est un e-liquide salt combinant de l\u2019ananas \u00e0 du sucre onctueux laissant place \u00e0 une subtile touche de fra\u00eecheur pour une saveur irr\u00e9sistiblement fruit\u00e9e et menthol\u00e9e qui vous fera r\u00eaver de journ\u00e9es d\u2019\u00e9t\u00e9 brumeuses.<\/p>\n","protected":false},"excerpt":{"rendered":"<p>Pineapple Brew est un e-liquide salt combinant de l\u2019ananas \u00e0 du sucre onctueux laissant place \u00e0 une subtile touche de fra\u00eecheur pour une saveur irr\u00e9sistiblement fruit\u00e9e et menthol\u00e9e qui vous fera r\u00eaver de journ\u00e9es d\u2019\u00e9t\u00e9 brumeuses.<\/p>\n","protected":false},"featured_media":30833,"comment_status":"open","ping_status":"closed","template":"","meta":{"om_disable_all_campaigns":false,"_monsterinsights_skip_tracking":false,"_monsterinsights_sitenote_active":false,"_monsterinsights_sitenote_note":"","_monsterinsights_sitenote_category":0},"product_brand":[],"product_cat":[401,398,208],"product_tag":[],"class_list":{"0":"post-31674","1":"product","2":"type-product","3":"status-publish","4":"has-post-thumbnail","6":"product_cat-24mg","7":"product_cat-filtre-par-dosage-de-nicotine-salt","8":"product_cat-salt","11":"first","12":"instock","13":"featured","14":"shipping-taxable","15":"purchasable","16":"product-type-variable"},"aioseo_notices":[],"jetpack_sharing_enabled":true,"_links":{"self":[{"href":"https:\/\/normandie.ma\/index.php?rest_route=\/wp\/v2\/product\/31674","targetHints":{"allow":["GET"]}}],"collection":[{"href":"https:\/\/normandie.ma\/index.php?rest_route=\/wp\/v2\/product"}],"about":[{"href":"https:\/\/normandie.ma\/index.php?rest_route=\/wp\/v2\/types\/product"}],"replies":[{"embeddable":true,"href":"https:\/\/normandie.ma\/index.php?rest_route=%2Fwp%2Fv2%2Fcomments&post=31674"}],"wp:featuredmedia":[{"embeddable":true,"href":"https:\/\/normandie.ma\/index.php?rest_route=\/wp\/v2\/media\/30833"}],"wp:attachment":[{"href":"https:\/\/normandie.ma\/index.php?rest_route=%2Fwp%2Fv2%2Fmedia&parent=31674"}],"wp:term":[{"taxonomy":"product_brand","embeddable":true,"href":"https:\/\/normandie.ma\/index.php?rest_route=%2Fwp%2Fv2%2Fproduct_brand&post=31674"},{"taxonomy":"product_cat","embeddable":true,"href":"https:\/\/normandie.ma\/index.php?rest_route=%2Fwp%2Fv2%2Fproduct_cat&post=31674"},{"taxonomy":"product_tag","embeddable":true,"href":"https:\/\/normandie.ma\/index.php?rest_route=%2Fwp%2Fv2%2Fproduct_tag&post=31674"}],"curies":[{"name":"wp","href":"https:\/\/api.w.org\/{rel}","templated":true}]}}