{"id":31704,"date":"2023-05-27T23:19:07","date_gmt":"2023-05-27T23:19:07","guid":{"rendered":"https:\/\/normandie.ma\/?product=verdict-salts-lemon-tart-30ml-5"},"modified":"2023-06-05T23:45:16","modified_gmt":"2023-06-05T23:45:16","slug":"verdict-salts-lemon-tart-30ml-5","status":"publish","type":"product","link":"https:\/\/normandie.ma\/?product=verdict-salts-lemon-tart-30ml-5","title":{"rendered":"Verdict Salts \u2013 Lemon Tart- 30ml"},"content":{"rendered":"<p>Retrouvez l\u2019e-liquide Salt Lemon Tart qui revient dans son nouveau format de 30ml. Une magnifique tarte meringu\u00e9e mix\u00e9e avec des notes de citron succulent qui \u00e9patera vos papilles gustatives. Une p\u00e2tisserie l\u00e9g\u00e8re et cr\u00e9meuse, captur\u00e9e dans un flacon de poche afin de la savourer \u00e0 longueur de journ\u00e9e.<\/p>\n","protected":false},"excerpt":{"rendered":"<p>Retrouvez l\u2019e-liquide Salt Lemon Tart qui revient dans son nouveau format de 30ml. Une magnifique tarte meringu\u00e9e mix\u00e9e avec des notes de citron succulent qui \u00e9patera vos papilles gustatives. Une p\u00e2tisserie l\u00e9g\u00e8re et cr\u00e9meuse, captur\u00e9e dans un flacon de poche afin de la savourer \u00e0 longueur de journ\u00e9e.<\/p>\n","protected":false},"featured_media":30855,"comment_status":"open","ping_status":"closed","template":"","meta":{"om_disable_all_campaigns":false,"_monsterinsights_skip_tracking":false,"_monsterinsights_sitenote_active":false,"_monsterinsights_sitenote_note":"","_monsterinsights_sitenote_category":0},"product_brand":[],"product_cat":[402,398,208],"product_tag":[],"class_list":{"0":"post-31704","1":"product","2":"type-product","3":"status-publish","4":"has-post-thumbnail","6":"product_cat-25mg","7":"product_cat-filtre-par-dosage-de-nicotine-salt","8":"product_cat-salt","11":"first","12":"instock","13":"featured","14":"shipping-taxable","15":"purchasable","16":"product-type-variable"},"aioseo_notices":[],"jetpack_sharing_enabled":true,"_links":{"self":[{"href":"https:\/\/normandie.ma\/index.php?rest_route=\/wp\/v2\/product\/31704","targetHints":{"allow":["GET"]}}],"collection":[{"href":"https:\/\/normandie.ma\/index.php?rest_route=\/wp\/v2\/product"}],"about":[{"href":"https:\/\/normandie.ma\/index.php?rest_route=\/wp\/v2\/types\/product"}],"replies":[{"embeddable":true,"href":"https:\/\/normandie.ma\/index.php?rest_route=%2Fwp%2Fv2%2Fcomments&post=31704"}],"wp:featuredmedia":[{"embeddable":true,"href":"https:\/\/normandie.ma\/index.php?rest_route=\/wp\/v2\/media\/30855"}],"wp:attachment":[{"href":"https:\/\/normandie.ma\/index.php?rest_route=%2Fwp%2Fv2%2Fmedia&parent=31704"}],"wp:term":[{"taxonomy":"product_brand","embeddable":true,"href":"https:\/\/normandie.ma\/index.php?rest_route=%2Fwp%2Fv2%2Fproduct_brand&post=31704"},{"taxonomy":"product_cat","embeddable":true,"href":"https:\/\/normandie.ma\/index.php?rest_route=%2Fwp%2Fv2%2Fproduct_cat&post=31704"},{"taxonomy":"product_tag","embeddable":true,"href":"https:\/\/normandie.ma\/index.php?rest_route=%2Fwp%2Fv2%2Fproduct_tag&post=31704"}],"curies":[{"name":"wp","href":"https:\/\/api.w.org\/{rel}","templated":true}]}}