{"id":31716,"date":"2023-05-27T23:19:11","date_gmt":"2023-05-27T23:19:11","guid":{"rendered":"https:\/\/normandie.ma\/?product=bang-salts-cherry-watermelon-30ml-3"},"modified":"2023-06-05T23:39:34","modified_gmt":"2023-06-05T23:39:34","slug":"bang-salts-cherry-watermelon-30ml-3","status":"publish","type":"product","link":"https:\/\/normandie.ma\/?product=bang-salts-cherry-watermelon-30ml-3","title":{"rendered":"Bang Salts ! \u2013 Cherry Watermelon 30ml"},"content":{"rendered":"<p>L\u2019e-liquide Salt Cherry Watermelon 30ml de la marque Bang! Salt est une explosion de cerises douces \u00e0 l\u2019inspiration et de past\u00e8ques fra\u00eeches \u00e0 l\u2019expiration que vous allez adorer !<\/p>\n","protected":false},"excerpt":{"rendered":"<p>L\u2019e-liquide Salt Cherry Watermelon 30ml de la marque Bang! Salt est une explosion de cerises douces \u00e0 l\u2019inspiration et de past\u00e8ques fra\u00eeches \u00e0 l\u2019expiration que vous allez adorer !<\/p>\n","protected":false},"featured_media":30865,"comment_status":"open","ping_status":"closed","template":"","meta":{"om_disable_all_campaigns":false,"_monsterinsights_skip_tracking":false,"_monsterinsights_sitenote_active":false,"_monsterinsights_sitenote_note":"","_monsterinsights_sitenote_category":0},"product_brand":[],"product_cat":[402,398,208],"product_tag":[],"class_list":{"0":"post-31716","1":"product","2":"type-product","3":"status-publish","4":"has-post-thumbnail","6":"product_cat-25mg","7":"product_cat-filtre-par-dosage-de-nicotine-salt","8":"product_cat-salt","11":"first","12":"instock","13":"featured","14":"shipping-taxable","15":"purchasable","16":"product-type-variable"},"aioseo_notices":[],"jetpack_sharing_enabled":true,"_links":{"self":[{"href":"https:\/\/normandie.ma\/index.php?rest_route=\/wp\/v2\/product\/31716","targetHints":{"allow":["GET"]}}],"collection":[{"href":"https:\/\/normandie.ma\/index.php?rest_route=\/wp\/v2\/product"}],"about":[{"href":"https:\/\/normandie.ma\/index.php?rest_route=\/wp\/v2\/types\/product"}],"replies":[{"embeddable":true,"href":"https:\/\/normandie.ma\/index.php?rest_route=%2Fwp%2Fv2%2Fcomments&post=31716"}],"wp:featuredmedia":[{"embeddable":true,"href":"https:\/\/normandie.ma\/index.php?rest_route=\/wp\/v2\/media\/30865"}],"wp:attachment":[{"href":"https:\/\/normandie.ma\/index.php?rest_route=%2Fwp%2Fv2%2Fmedia&parent=31716"}],"wp:term":[{"taxonomy":"product_brand","embeddable":true,"href":"https:\/\/normandie.ma\/index.php?rest_route=%2Fwp%2Fv2%2Fproduct_brand&post=31716"},{"taxonomy":"product_cat","embeddable":true,"href":"https:\/\/normandie.ma\/index.php?rest_route=%2Fwp%2Fv2%2Fproduct_cat&post=31716"},{"taxonomy":"product_tag","embeddable":true,"href":"https:\/\/normandie.ma\/index.php?rest_route=%2Fwp%2Fv2%2Fproduct_tag&post=31716"}],"curies":[{"name":"wp","href":"https:\/\/api.w.org\/{rel}","templated":true}]}}