{"id":31722,"date":"2023-05-27T23:19:14","date_gmt":"2023-05-27T23:19:14","guid":{"rendered":"https:\/\/normandie.ma\/?product=milkshake-squad-salts-mango-shake-30ml-4"},"modified":"2023-06-04T02:17:13","modified_gmt":"2023-06-04T02:17:13","slug":"milkshake-squad-salts-mango-shake-30ml-4","status":"publish","type":"product","link":"https:\/\/normandie.ma\/?product=milkshake-squad-salts-mango-shake-30ml-4","title":{"rendered":"Milkshake Squad Salts \u2013 Mango Shake 30ml"},"content":{"rendered":"<p>Savourez l\u2019e-liquide Salt Mango Shake 30ml de la marque Milkshake Squad Salts, un m\u00e9lange soyeux, laiteux et sensationnel de mangues fra\u00eeches, de la glace \u00e0 la vanille et un peu de lait. Mango Shake est une concoction riche et cr\u00e9meuse que vous pouvez fumer toute la journ\u00e9e.<\/p>\n","protected":false},"excerpt":{"rendered":"<p>Savourez l\u2019e-liquide Salt Mango Shake 30ml de la marque Milkshake Squad Salts, un m\u00e9lange soyeux, laiteux et sensationnel de mangues fra\u00eeches, de la glace \u00e0 la vanille et un peu de lait. Mango Shake est une concoction riche et cr\u00e9meuse que vous pouvez fumer toute la journ\u00e9e.<\/p>\n","protected":false},"featured_media":30871,"comment_status":"open","ping_status":"closed","template":"","meta":{"om_disable_all_campaigns":false,"_monsterinsights_skip_tracking":false,"_monsterinsights_sitenote_active":false,"_monsterinsights_sitenote_note":"","_monsterinsights_sitenote_category":0},"product_brand":[],"product_cat":[402,398,208],"product_tag":[],"class_list":{"0":"post-31722","1":"product","2":"type-product","3":"status-publish","4":"has-post-thumbnail","6":"product_cat-25mg","7":"product_cat-filtre-par-dosage-de-nicotine-salt","8":"product_cat-salt","11":"first","12":"instock","13":"featured","14":"shipping-taxable","15":"purchasable","16":"product-type-variable"},"aioseo_notices":[],"jetpack_sharing_enabled":true,"_links":{"self":[{"href":"https:\/\/normandie.ma\/index.php?rest_route=\/wp\/v2\/product\/31722","targetHints":{"allow":["GET"]}}],"collection":[{"href":"https:\/\/normandie.ma\/index.php?rest_route=\/wp\/v2\/product"}],"about":[{"href":"https:\/\/normandie.ma\/index.php?rest_route=\/wp\/v2\/types\/product"}],"replies":[{"embeddable":true,"href":"https:\/\/normandie.ma\/index.php?rest_route=%2Fwp%2Fv2%2Fcomments&post=31722"}],"wp:featuredmedia":[{"embeddable":true,"href":"https:\/\/normandie.ma\/index.php?rest_route=\/wp\/v2\/media\/30871"}],"wp:attachment":[{"href":"https:\/\/normandie.ma\/index.php?rest_route=%2Fwp%2Fv2%2Fmedia&parent=31722"}],"wp:term":[{"taxonomy":"product_brand","embeddable":true,"href":"https:\/\/normandie.ma\/index.php?rest_route=%2Fwp%2Fv2%2Fproduct_brand&post=31722"},{"taxonomy":"product_cat","embeddable":true,"href":"https:\/\/normandie.ma\/index.php?rest_route=%2Fwp%2Fv2%2Fproduct_cat&post=31722"},{"taxonomy":"product_tag","embeddable":true,"href":"https:\/\/normandie.ma\/index.php?rest_route=%2Fwp%2Fv2%2Fproduct_tag&post=31722"}],"curies":[{"name":"wp","href":"https:\/\/api.w.org\/{rel}","templated":true}]}}