{"id":31725,"date":"2023-05-27T23:19:15","date_gmt":"2023-05-27T23:19:15","guid":{"rendered":"https:\/\/normandie.ma\/?product=lemonade-rush-salts-pineapple-ade-4"},"modified":"2023-06-04T02:16:17","modified_gmt":"2023-06-04T02:16:17","slug":"lemonade-rush-salts-pineapple-ade-4","status":"publish","type":"product","link":"https:\/\/normandie.ma\/?product=lemonade-rush-salts-pineapple-ade-4","title":{"rendered":"Lemonade Rush Salts \u2013 Pineapple ADE"},"content":{"rendered":"<p>L\u2019e-liquide Salt Pineapple Ade 30ml de la marque Lemonade Rush Salt est la boisson d\u2019\u00e9t\u00e9 par excellence avec une saveur de limonade rafra\u00eechissante \u00e0 l\u2019ananas doux ! L\u00e9g\u00e8re et rafra\u00eechissante, douce sans \u00eatre sucr\u00e9e, c\u2019est la boisson parfaite pour votre prochaine journ\u00e9e \u00e0 la plage !<\/p>\n","protected":false},"excerpt":{"rendered":"<p>L\u2019e-liquide Salt Pineapple Ade 30ml de la marque Lemonade Rush Salt est la boisson d\u2019\u00e9t\u00e9 par excellence avec une saveur de limonade rafra\u00eechissante \u00e0 l\u2019ananas doux ! L\u00e9g\u00e8re et rafra\u00eechissante, douce sans \u00eatre sucr\u00e9e, c\u2019est la boisson parfaite pour votre prochaine journ\u00e9e \u00e0 la plage !<\/p>\n","protected":false},"featured_media":30874,"comment_status":"open","ping_status":"closed","template":"","meta":{"om_disable_all_campaigns":false,"_monsterinsights_skip_tracking":false,"_monsterinsights_sitenote_active":false,"_monsterinsights_sitenote_note":"","_monsterinsights_sitenote_category":0},"product_brand":[],"product_cat":[402,398,208],"product_tag":[],"class_list":{"0":"post-31725","1":"product","2":"type-product","3":"status-publish","4":"has-post-thumbnail","6":"product_cat-25mg","7":"product_cat-filtre-par-dosage-de-nicotine-salt","8":"product_cat-salt","11":"first","12":"instock","13":"featured","14":"shipping-taxable","15":"purchasable","16":"product-type-variable"},"aioseo_notices":[],"jetpack_sharing_enabled":true,"_links":{"self":[{"href":"https:\/\/normandie.ma\/index.php?rest_route=\/wp\/v2\/product\/31725","targetHints":{"allow":["GET"]}}],"collection":[{"href":"https:\/\/normandie.ma\/index.php?rest_route=\/wp\/v2\/product"}],"about":[{"href":"https:\/\/normandie.ma\/index.php?rest_route=\/wp\/v2\/types\/product"}],"replies":[{"embeddable":true,"href":"https:\/\/normandie.ma\/index.php?rest_route=%2Fwp%2Fv2%2Fcomments&post=31725"}],"wp:featuredmedia":[{"embeddable":true,"href":"https:\/\/normandie.ma\/index.php?rest_route=\/wp\/v2\/media\/30874"}],"wp:attachment":[{"href":"https:\/\/normandie.ma\/index.php?rest_route=%2Fwp%2Fv2%2Fmedia&parent=31725"}],"wp:term":[{"taxonomy":"product_brand","embeddable":true,"href":"https:\/\/normandie.ma\/index.php?rest_route=%2Fwp%2Fv2%2Fproduct_brand&post=31725"},{"taxonomy":"product_cat","embeddable":true,"href":"https:\/\/normandie.ma\/index.php?rest_route=%2Fwp%2Fv2%2Fproduct_cat&post=31725"},{"taxonomy":"product_tag","embeddable":true,"href":"https:\/\/normandie.ma\/index.php?rest_route=%2Fwp%2Fv2%2Fproduct_tag&post=31725"}],"curies":[{"name":"wp","href":"https:\/\/api.w.org\/{rel}","templated":true}]}}