{"id":31726,"date":"2023-05-27T23:19:15","date_gmt":"2023-05-27T23:19:15","guid":{"rendered":"https:\/\/normandie.ma\/?product=tasty-treat-salt-blackberry-lime-30ml-2"},"modified":"2023-06-04T02:16:33","modified_gmt":"2023-06-04T02:16:33","slug":"tasty-treat-salt-blackberry-lime-30ml-2","status":"publish","type":"product","link":"https:\/\/normandie.ma\/?product=tasty-treat-salt-blackberry-lime-30ml-2","title":{"rendered":"Tasty Treat Salt \u2013 Blackberry Lime 30ml"},"content":{"rendered":"<p>L\u2019e-liquide Salt Blackberry Lime de Tasty Treat Salts est un m\u00e9lange de m\u00fbres m\u00fbres fusionn\u00e9es avec du citron vert rafra\u00eechissant, de la menthe avec une touche de glace pour une vape douce, rafra\u00eechissante et fruit\u00e9e, fournie dans une bouteille de 30ml.<\/p>\n","protected":false},"excerpt":{"rendered":"<p>L\u2019e-liquide Salt Blackberry Lime de Tasty Treat Salts est un m\u00e9lange de m\u00fbres m\u00fbres fusionn\u00e9es avec du citron vert rafra\u00eechissant, de la menthe avec une touche de glace pour une vape douce, rafra\u00eechissante et fruit\u00e9e, fournie dans une bouteille de 30ml.<\/p>\n","protected":false},"featured_media":30875,"comment_status":"open","ping_status":"closed","template":"","meta":{"om_disable_all_campaigns":false,"_monsterinsights_skip_tracking":false,"_monsterinsights_sitenote_active":false,"_monsterinsights_sitenote_note":"","_monsterinsights_sitenote_category":0},"product_brand":[],"product_cat":[402,398,208],"product_tag":[],"class_list":{"0":"post-31726","1":"product","2":"type-product","3":"status-publish","4":"has-post-thumbnail","6":"product_cat-25mg","7":"product_cat-filtre-par-dosage-de-nicotine-salt","8":"product_cat-salt","11":"first","12":"instock","13":"featured","14":"shipping-taxable","15":"purchasable","16":"product-type-variable"},"aioseo_notices":[],"jetpack_sharing_enabled":true,"_links":{"self":[{"href":"https:\/\/normandie.ma\/index.php?rest_route=\/wp\/v2\/product\/31726","targetHints":{"allow":["GET"]}}],"collection":[{"href":"https:\/\/normandie.ma\/index.php?rest_route=\/wp\/v2\/product"}],"about":[{"href":"https:\/\/normandie.ma\/index.php?rest_route=\/wp\/v2\/types\/product"}],"replies":[{"embeddable":true,"href":"https:\/\/normandie.ma\/index.php?rest_route=%2Fwp%2Fv2%2Fcomments&post=31726"}],"wp:featuredmedia":[{"embeddable":true,"href":"https:\/\/normandie.ma\/index.php?rest_route=\/wp\/v2\/media\/30875"}],"wp:attachment":[{"href":"https:\/\/normandie.ma\/index.php?rest_route=%2Fwp%2Fv2%2Fmedia&parent=31726"}],"wp:term":[{"taxonomy":"product_brand","embeddable":true,"href":"https:\/\/normandie.ma\/index.php?rest_route=%2Fwp%2Fv2%2Fproduct_brand&post=31726"},{"taxonomy":"product_cat","embeddable":true,"href":"https:\/\/normandie.ma\/index.php?rest_route=%2Fwp%2Fv2%2Fproduct_cat&post=31726"},{"taxonomy":"product_tag","embeddable":true,"href":"https:\/\/normandie.ma\/index.php?rest_route=%2Fwp%2Fv2%2Fproduct_tag&post=31726"}],"curies":[{"name":"wp","href":"https:\/\/api.w.org\/{rel}","templated":true}]}}