{"id":31732,"date":"2023-05-27T23:19:18","date_gmt":"2023-05-27T23:19:18","guid":{"rendered":"https:\/\/normandie.ma\/?product=lemonade-rush-salts-apple-ade-4"},"modified":"2023-06-04T02:11:37","modified_gmt":"2023-06-04T02:11:37","slug":"lemonade-rush-salts-apple-ade-4","status":"publish","type":"product","link":"https:\/\/normandie.ma\/?product=lemonade-rush-salts-apple-ade-4","title":{"rendered":"Lemonade Rush Salts \u2013 Apple ADE"},"content":{"rendered":"<p>L\u2019e-liquide Salt Apple ADE 30ml de la marque Lemonade Rush Salts qui va titiller vos papilles gustatives. Les amateurs de vape b\u00e9n\u00e9ficient d\u2019une exp\u00e9rience de vape sup\u00e9rieure tout au long de la journ\u00e9e.<\/p>\n","protected":false},"excerpt":{"rendered":"<p>L\u2019e-liquide Salt Apple ADE 30ml de la marque Lemonade Rush Salts qui va titiller vos papilles gustatives. Les amateurs de vape b\u00e9n\u00e9ficient d\u2019une exp\u00e9rience de vape sup\u00e9rieure tout au long de la journ\u00e9e.<\/p>\n","protected":false},"featured_media":30881,"comment_status":"open","ping_status":"closed","template":"","meta":{"om_disable_all_campaigns":false,"_monsterinsights_skip_tracking":false,"_monsterinsights_sitenote_active":false,"_monsterinsights_sitenote_note":"","_monsterinsights_sitenote_category":0},"product_brand":[],"product_cat":[402,398,208],"product_tag":[],"class_list":{"0":"post-31732","1":"product","2":"type-product","3":"status-publish","4":"has-post-thumbnail","6":"product_cat-25mg","7":"product_cat-filtre-par-dosage-de-nicotine-salt","8":"product_cat-salt","11":"first","12":"instock","13":"featured","14":"shipping-taxable","15":"purchasable","16":"product-type-variable"},"aioseo_notices":[],"jetpack_sharing_enabled":true,"_links":{"self":[{"href":"https:\/\/normandie.ma\/index.php?rest_route=\/wp\/v2\/product\/31732","targetHints":{"allow":["GET"]}}],"collection":[{"href":"https:\/\/normandie.ma\/index.php?rest_route=\/wp\/v2\/product"}],"about":[{"href":"https:\/\/normandie.ma\/index.php?rest_route=\/wp\/v2\/types\/product"}],"replies":[{"embeddable":true,"href":"https:\/\/normandie.ma\/index.php?rest_route=%2Fwp%2Fv2%2Fcomments&post=31732"}],"wp:featuredmedia":[{"embeddable":true,"href":"https:\/\/normandie.ma\/index.php?rest_route=\/wp\/v2\/media\/30881"}],"wp:attachment":[{"href":"https:\/\/normandie.ma\/index.php?rest_route=%2Fwp%2Fv2%2Fmedia&parent=31732"}],"wp:term":[{"taxonomy":"product_brand","embeddable":true,"href":"https:\/\/normandie.ma\/index.php?rest_route=%2Fwp%2Fv2%2Fproduct_brand&post=31732"},{"taxonomy":"product_cat","embeddable":true,"href":"https:\/\/normandie.ma\/index.php?rest_route=%2Fwp%2Fv2%2Fproduct_cat&post=31732"},{"taxonomy":"product_tag","embeddable":true,"href":"https:\/\/normandie.ma\/index.php?rest_route=%2Fwp%2Fv2%2Fproduct_tag&post=31732"}],"curies":[{"name":"wp","href":"https:\/\/api.w.org\/{rel}","templated":true}]}}