{"id":31733,"date":"2023-05-27T23:19:18","date_gmt":"2023-05-27T23:19:18","guid":{"rendered":"https:\/\/normandie.ma\/?product=aurora-salts-fruits-rouges-ice-30ml-3"},"modified":"2023-06-04T02:11:58","modified_gmt":"2023-06-04T02:11:58","slug":"aurora-salts-fruits-rouges-ice-30ml-3","status":"publish","type":"product","link":"https:\/\/normandie.ma\/?product=aurora-salts-fruits-rouges-ice-30ml-3","title":{"rendered":"Aurora Salts \u2013 Fruits Rouges &#038; ICE \u2013 30ml"},"content":{"rendered":"<p>L\u2019e-liquide salt Fruits Rouges &amp; ICE de la marque Aurora Salts est disponible en format 30ml et offre une d\u00e9licieuse combinaison de fruits rouges frais et de fra\u00eecheur glacial. Ce m\u00e9lange fruit\u00e9 et rafra\u00eechissant est parfait pour ceux qui recherchent une exp\u00e9rience de vapotage agr\u00e9able et rafra\u00eechissante.<\/p>\n","protected":false},"excerpt":{"rendered":"<p>L\u2019e-liquide salt Fruits Rouges &amp; ICE de la marque Aurora Salts est disponible en format 30ml et offre une d\u00e9licieuse combinaison de fruits rouges frais et de fra\u00eecheur glacial. Ce m\u00e9lange fruit\u00e9 et rafra\u00eechissant est parfait pour ceux qui recherchent une exp\u00e9rience de vapotage agr\u00e9able et rafra\u00eechissante.<\/p>\n","protected":false},"featured_media":30882,"comment_status":"open","ping_status":"closed","template":"","meta":{"om_disable_all_campaigns":false,"_monsterinsights_skip_tracking":false,"_monsterinsights_sitenote_active":false,"_monsterinsights_sitenote_note":"","_monsterinsights_sitenote_category":0},"product_brand":[],"product_cat":[402,398,208],"product_tag":[],"class_list":{"0":"post-31733","1":"product","2":"type-product","3":"status-publish","4":"has-post-thumbnail","6":"product_cat-25mg","7":"product_cat-filtre-par-dosage-de-nicotine-salt","8":"product_cat-salt","11":"first","12":"instock","13":"featured","14":"shipping-taxable","15":"purchasable","16":"product-type-variable"},"aioseo_notices":[],"jetpack_sharing_enabled":true,"_links":{"self":[{"href":"https:\/\/normandie.ma\/index.php?rest_route=\/wp\/v2\/product\/31733","targetHints":{"allow":["GET"]}}],"collection":[{"href":"https:\/\/normandie.ma\/index.php?rest_route=\/wp\/v2\/product"}],"about":[{"href":"https:\/\/normandie.ma\/index.php?rest_route=\/wp\/v2\/types\/product"}],"replies":[{"embeddable":true,"href":"https:\/\/normandie.ma\/index.php?rest_route=%2Fwp%2Fv2%2Fcomments&post=31733"}],"wp:featuredmedia":[{"embeddable":true,"href":"https:\/\/normandie.ma\/index.php?rest_route=\/wp\/v2\/media\/30882"}],"wp:attachment":[{"href":"https:\/\/normandie.ma\/index.php?rest_route=%2Fwp%2Fv2%2Fmedia&parent=31733"}],"wp:term":[{"taxonomy":"product_brand","embeddable":true,"href":"https:\/\/normandie.ma\/index.php?rest_route=%2Fwp%2Fv2%2Fproduct_brand&post=31733"},{"taxonomy":"product_cat","embeddable":true,"href":"https:\/\/normandie.ma\/index.php?rest_route=%2Fwp%2Fv2%2Fproduct_cat&post=31733"},{"taxonomy":"product_tag","embeddable":true,"href":"https:\/\/normandie.ma\/index.php?rest_route=%2Fwp%2Fv2%2Fproduct_tag&post=31733"}],"curies":[{"name":"wp","href":"https:\/\/api.w.org\/{rel}","templated":true}]}}