{"id":31740,"date":"2023-05-27T23:19:33","date_gmt":"2023-05-27T23:19:33","guid":{"rendered":"https:\/\/normandie.ma\/?product=verdict-salts-pink-30ml-5"},"modified":"2023-06-04T02:02:35","modified_gmt":"2023-06-04T02:02:35","slug":"verdict-salts-pink-30ml-5","status":"publish","type":"product","link":"https:\/\/normandie.ma\/?product=verdict-salts-pink-30ml-5","title":{"rendered":"Verdict Salts \u2013 Pink- 30ml"},"content":{"rendered":"<p>L\u2019e-liquide Salt Pink 30ml de la marque Verdict Vapors Salt est un m\u00e9lange de tout ce qui est rose et sucr\u00e9. Sa saveur peut \u00eatre d\u00e9crite comme un m\u00e9lange de bonbons moelleux et un soup\u00e7on de melonade. C\u2019est vraiment une saveur unique !<\/p>\n","protected":false},"excerpt":{"rendered":"<p>L\u2019e-liquide Salt Pink 30ml de la marque Verdict Vapors Salt est un m\u00e9lange de tout ce qui est rose et sucr\u00e9. Sa saveur peut \u00eatre d\u00e9crite comme un m\u00e9lange de bonbons moelleux et un soup\u00e7on de melonade. C\u2019est vraiment une saveur unique !<\/p>\n","protected":false},"featured_media":30890,"comment_status":"open","ping_status":"closed","template":"","meta":{"om_disable_all_campaigns":false,"_monsterinsights_skip_tracking":false,"_monsterinsights_sitenote_active":false,"_monsterinsights_sitenote_note":"","_monsterinsights_sitenote_category":0},"product_brand":[],"product_cat":[402,398,208],"product_tag":[],"class_list":{"0":"post-31740","1":"product","2":"type-product","3":"status-publish","4":"has-post-thumbnail","6":"product_cat-25mg","7":"product_cat-filtre-par-dosage-de-nicotine-salt","8":"product_cat-salt","11":"first","12":"instock","13":"featured","14":"shipping-taxable","15":"purchasable","16":"product-type-variable"},"aioseo_notices":[],"jetpack_sharing_enabled":true,"_links":{"self":[{"href":"https:\/\/normandie.ma\/index.php?rest_route=\/wp\/v2\/product\/31740","targetHints":{"allow":["GET"]}}],"collection":[{"href":"https:\/\/normandie.ma\/index.php?rest_route=\/wp\/v2\/product"}],"about":[{"href":"https:\/\/normandie.ma\/index.php?rest_route=\/wp\/v2\/types\/product"}],"replies":[{"embeddable":true,"href":"https:\/\/normandie.ma\/index.php?rest_route=%2Fwp%2Fv2%2Fcomments&post=31740"}],"wp:featuredmedia":[{"embeddable":true,"href":"https:\/\/normandie.ma\/index.php?rest_route=\/wp\/v2\/media\/30890"}],"wp:attachment":[{"href":"https:\/\/normandie.ma\/index.php?rest_route=%2Fwp%2Fv2%2Fmedia&parent=31740"}],"wp:term":[{"taxonomy":"product_brand","embeddable":true,"href":"https:\/\/normandie.ma\/index.php?rest_route=%2Fwp%2Fv2%2Fproduct_brand&post=31740"},{"taxonomy":"product_cat","embeddable":true,"href":"https:\/\/normandie.ma\/index.php?rest_route=%2Fwp%2Fv2%2Fproduct_cat&post=31740"},{"taxonomy":"product_tag","embeddable":true,"href":"https:\/\/normandie.ma\/index.php?rest_route=%2Fwp%2Fv2%2Fproduct_tag&post=31740"}],"curies":[{"name":"wp","href":"https:\/\/api.w.org\/{rel}","templated":true}]}}