{"id":31777,"date":"2023-05-27T23:20:00","date_gmt":"2023-05-27T23:20:00","guid":{"rendered":"https:\/\/normandie.ma\/?product=creamy-salts-orange-vanilla-cream-custard-30ml-5"},"modified":"2023-06-03T23:36:13","modified_gmt":"2023-06-03T23:36:13","slug":"creamy-salts-orange-vanilla-cream-custard-30ml-5","status":"publish","type":"product","link":"https:\/\/normandie.ma\/?product=creamy-salts-orange-vanilla-cream-custard-30ml-5","title":{"rendered":"Creamy Salts \u2013 Orange Vanilla Cream Custard- 30ml"},"content":{"rendered":"<p>L\u2019 Orange Vanilla Cream Custard de la marque Creamy Salts est une recette savoureuse et unique pr\u00e9par\u00e9e \u00e0 partir d\u2019une cr\u00e8me anglaise cr\u00e9meuse et sucr\u00e9e, combin\u00e9e \u00e0 une orange l\u00e9g\u00e8rement sucr\u00e9e, rappelant votre cr\u00e8me glac\u00e9e aux agrumes pr\u00e9f\u00e9r\u00e9e. Un condens\u00e9 de saveur fruit\u00e9e pour une exp\u00e9riences extr\u00eamement fondante et irr\u00e9sistiblement sucr\u00e9e. Vous devez l\u2019essayer avec l\u2019une de nos cigarettes \u00e9lectroniques de Good Vapes Casablanca.<\/p>\n","protected":false},"excerpt":{"rendered":"<p>L\u2019 Orange Vanilla Cream Custard de la marque Creamy Salts est une recette savoureuse et unique pr\u00e9par\u00e9e \u00e0 partir d\u2019une cr\u00e8me anglaise cr\u00e9meuse et sucr\u00e9e, combin\u00e9e \u00e0 une orange l\u00e9g\u00e8rement sucr\u00e9e, rappelant votre cr\u00e8me glac\u00e9e aux agrumes pr\u00e9f\u00e9r\u00e9e. Un condens\u00e9 de saveur fruit\u00e9e pour une exp\u00e9riences extr\u00eamement fondante et irr\u00e9sistiblement sucr\u00e9e. Vous devez l\u2019essayer avec [&hellip;]<\/p>\n","protected":false},"featured_media":30925,"comment_status":"open","ping_status":"closed","template":"","meta":{"om_disable_all_campaigns":false,"_monsterinsights_skip_tracking":false,"_monsterinsights_sitenote_active":false,"_monsterinsights_sitenote_note":"","_monsterinsights_sitenote_category":0},"product_brand":[],"product_cat":[404,398,208],"product_tag":[],"class_list":{"0":"post-31777","1":"product","2":"type-product","3":"status-publish","4":"has-post-thumbnail","6":"product_cat-50mg","7":"product_cat-filtre-par-dosage-de-nicotine-salt","8":"product_cat-salt","11":"first","12":"instock","13":"featured","14":"shipping-taxable","15":"purchasable","16":"product-type-variable"},"aioseo_notices":[],"jetpack_sharing_enabled":true,"_links":{"self":[{"href":"https:\/\/normandie.ma\/index.php?rest_route=\/wp\/v2\/product\/31777","targetHints":{"allow":["GET"]}}],"collection":[{"href":"https:\/\/normandie.ma\/index.php?rest_route=\/wp\/v2\/product"}],"about":[{"href":"https:\/\/normandie.ma\/index.php?rest_route=\/wp\/v2\/types\/product"}],"replies":[{"embeddable":true,"href":"https:\/\/normandie.ma\/index.php?rest_route=%2Fwp%2Fv2%2Fcomments&post=31777"}],"wp:featuredmedia":[{"embeddable":true,"href":"https:\/\/normandie.ma\/index.php?rest_route=\/wp\/v2\/media\/30925"}],"wp:attachment":[{"href":"https:\/\/normandie.ma\/index.php?rest_route=%2Fwp%2Fv2%2Fmedia&parent=31777"}],"wp:term":[{"taxonomy":"product_brand","embeddable":true,"href":"https:\/\/normandie.ma\/index.php?rest_route=%2Fwp%2Fv2%2Fproduct_brand&post=31777"},{"taxonomy":"product_cat","embeddable":true,"href":"https:\/\/normandie.ma\/index.php?rest_route=%2Fwp%2Fv2%2Fproduct_cat&post=31777"},{"taxonomy":"product_tag","embeddable":true,"href":"https:\/\/normandie.ma\/index.php?rest_route=%2Fwp%2Fv2%2Fproduct_tag&post=31777"}],"curies":[{"name":"wp","href":"https:\/\/api.w.org\/{rel}","templated":true}]}}