{"id":31795,"date":"2023-05-27T23:20:20","date_gmt":"2023-05-27T23:20:20","guid":{"rendered":"https:\/\/normandie.ma\/?product=vct-strawberry-30ml-salt-ripe-vapes-6"},"modified":"2023-06-03T22:48:42","modified_gmt":"2023-06-03T22:48:42","slug":"vct-strawberry-30ml-salt-ripe-vapes-6","status":"publish","type":"product","link":"https:\/\/normandie.ma\/?product=vct-strawberry-30ml-salt-ripe-vapes-6","title":{"rendered":"VCT \u2013 Strawberry \u2013 30ml SALT \/ Ripe Vapes"},"content":{"rendered":"<p>Il y a un duo classique qui ne semble jamais vieillir. Vous savez ce que c\u2019est ? Ce sont les fraises et la cr\u00e8me anglaise \u00e0 la vanille, bien s\u00fbr. Rien que la pens\u00e9e de cette baie plong\u00e9e dans une cr\u00e8me pure nous met l\u2019eau \u00e0 la bouche.<\/p>\n","protected":false},"excerpt":{"rendered":"<p>Il y a un duo classique qui ne semble jamais vieillir. Vous savez ce que c\u2019est ? Ce sont les fraises et la cr\u00e8me anglaise \u00e0 la vanille, bien s\u00fbr. Rien que la pens\u00e9e de cette baie plong\u00e9e dans une cr\u00e8me pure nous met l\u2019eau \u00e0 la bouche.<\/p>\n","protected":false},"featured_media":30943,"comment_status":"open","ping_status":"closed","template":"","meta":{"om_disable_all_campaigns":false,"_monsterinsights_skip_tracking":false,"_monsterinsights_sitenote_active":false,"_monsterinsights_sitenote_note":"","_monsterinsights_sitenote_category":0},"product_brand":[],"product_cat":[404,398,208],"product_tag":[],"class_list":{"0":"post-31795","1":"product","2":"type-product","3":"status-publish","4":"has-post-thumbnail","6":"product_cat-50mg","7":"product_cat-filtre-par-dosage-de-nicotine-salt","8":"product_cat-salt","11":"first","12":"instock","13":"featured","14":"shipping-taxable","15":"purchasable","16":"product-type-variable"},"aioseo_notices":[],"jetpack_sharing_enabled":true,"_links":{"self":[{"href":"https:\/\/normandie.ma\/index.php?rest_route=\/wp\/v2\/product\/31795","targetHints":{"allow":["GET"]}}],"collection":[{"href":"https:\/\/normandie.ma\/index.php?rest_route=\/wp\/v2\/product"}],"about":[{"href":"https:\/\/normandie.ma\/index.php?rest_route=\/wp\/v2\/types\/product"}],"replies":[{"embeddable":true,"href":"https:\/\/normandie.ma\/index.php?rest_route=%2Fwp%2Fv2%2Fcomments&post=31795"}],"wp:featuredmedia":[{"embeddable":true,"href":"https:\/\/normandie.ma\/index.php?rest_route=\/wp\/v2\/media\/30943"}],"wp:attachment":[{"href":"https:\/\/normandie.ma\/index.php?rest_route=%2Fwp%2Fv2%2Fmedia&parent=31795"}],"wp:term":[{"taxonomy":"product_brand","embeddable":true,"href":"https:\/\/normandie.ma\/index.php?rest_route=%2Fwp%2Fv2%2Fproduct_brand&post=31795"},{"taxonomy":"product_cat","embeddable":true,"href":"https:\/\/normandie.ma\/index.php?rest_route=%2Fwp%2Fv2%2Fproduct_cat&post=31795"},{"taxonomy":"product_tag","embeddable":true,"href":"https:\/\/normandie.ma\/index.php?rest_route=%2Fwp%2Fv2%2Fproduct_tag&post=31795"}],"curies":[{"name":"wp","href":"https:\/\/api.w.org\/{rel}","templated":true}]}}