{"id":31800,"date":"2023-05-27T23:20:22","date_gmt":"2023-05-27T23:20:22","guid":{"rendered":"https:\/\/normandie.ma\/?product=juice-head-blueberry-lemon-salt-30ml-6"},"modified":"2023-06-03T22:09:50","modified_gmt":"2023-06-03T22:09:50","slug":"juice-head-blueberry-lemon-salt-30ml-6","status":"publish","type":"product","link":"https:\/\/normandie.ma\/?product=juice-head-blueberry-lemon-salt-30ml-6","title":{"rendered":"Juice Head \u2013 Blueberry Lemon SALT 30ML"},"content":{"rendered":"<p>L\u2019e-liquide Salt Blueberry Lemon de Juice Head est une d\u00e9licieuse combinaison de saveurs aigres et sucr\u00e9es, capturant la d\u00e9licieuse essence des myrtilles \u00e9clatantes coupl\u00e9e au zeste de citrons acidul\u00e9s, changeant rapidement en une touche plus douce pour finir cette saveur c\u00e9leste.<\/p>\n","protected":false},"excerpt":{"rendered":"<p>L\u2019e-liquide Salt Blueberry Lemon de Juice Head est une d\u00e9licieuse combinaison de saveurs aigres et sucr\u00e9es, capturant la d\u00e9licieuse essence des myrtilles \u00e9clatantes coupl\u00e9e au zeste de citrons acidul\u00e9s, changeant rapidement en une touche plus douce pour finir cette saveur c\u00e9leste.<\/p>\n","protected":false},"featured_media":30948,"comment_status":"open","ping_status":"closed","template":"","meta":{"om_disable_all_campaigns":false,"_monsterinsights_skip_tracking":false,"_monsterinsights_sitenote_active":false,"_monsterinsights_sitenote_note":"","_monsterinsights_sitenote_category":0},"product_brand":[],"product_cat":[404,398,208],"product_tag":[],"class_list":{"0":"post-31800","1":"product","2":"type-product","3":"status-publish","4":"has-post-thumbnail","6":"product_cat-50mg","7":"product_cat-filtre-par-dosage-de-nicotine-salt","8":"product_cat-salt","11":"first","12":"instock","13":"featured","14":"shipping-taxable","15":"purchasable","16":"product-type-variable"},"aioseo_notices":[],"jetpack_sharing_enabled":true,"_links":{"self":[{"href":"https:\/\/normandie.ma\/index.php?rest_route=\/wp\/v2\/product\/31800","targetHints":{"allow":["GET"]}}],"collection":[{"href":"https:\/\/normandie.ma\/index.php?rest_route=\/wp\/v2\/product"}],"about":[{"href":"https:\/\/normandie.ma\/index.php?rest_route=\/wp\/v2\/types\/product"}],"replies":[{"embeddable":true,"href":"https:\/\/normandie.ma\/index.php?rest_route=%2Fwp%2Fv2%2Fcomments&post=31800"}],"wp:featuredmedia":[{"embeddable":true,"href":"https:\/\/normandie.ma\/index.php?rest_route=\/wp\/v2\/media\/30948"}],"wp:attachment":[{"href":"https:\/\/normandie.ma\/index.php?rest_route=%2Fwp%2Fv2%2Fmedia&parent=31800"}],"wp:term":[{"taxonomy":"product_brand","embeddable":true,"href":"https:\/\/normandie.ma\/index.php?rest_route=%2Fwp%2Fv2%2Fproduct_brand&post=31800"},{"taxonomy":"product_cat","embeddable":true,"href":"https:\/\/normandie.ma\/index.php?rest_route=%2Fwp%2Fv2%2Fproduct_cat&post=31800"},{"taxonomy":"product_tag","embeddable":true,"href":"https:\/\/normandie.ma\/index.php?rest_route=%2Fwp%2Fv2%2Fproduct_tag&post=31800"}],"curies":[{"name":"wp","href":"https:\/\/api.w.org\/{rel}","templated":true}]}}