{"id":31805,"date":"2023-05-27T23:20:24","date_gmt":"2023-05-27T23:20:24","guid":{"rendered":"https:\/\/normandie.ma\/?product=euphoria-ice-salts-space-bomb-30ml-11"},"modified":"2023-06-03T22:07:12","modified_gmt":"2023-06-03T22:07:12","slug":"euphoria-ice-salts-space-bomb-30ml-11","status":"publish","type":"product","link":"https:\/\/normandie.ma\/?product=euphoria-ice-salts-space-bomb-30ml-11","title":{"rendered":"Euphoria Ice Salts \u2013 Space Bomb \u2013 30ml"},"content":{"rendered":"<p>L\u2019 e-liquide Salt Space Bomb 30ml de la marque Euphoria Ice Salts combine parfaitement la puissance du zeste de citron vert adoucie par la saveur sucr\u00e9e du melon et d\u2019agrumes pour vous offrir un cocktail si rafra\u00eechissant et p\u00e9tillant \u00e0 savourer sans limite.<\/p>\n","protected":false},"excerpt":{"rendered":"<p>L\u2019 e-liquide Salt Space Bomb 30ml de la marque Euphoria Ice Salts combine parfaitement la puissance du zeste de citron vert adoucie par la saveur sucr\u00e9e du melon et d\u2019agrumes pour vous offrir un cocktail si rafra\u00eechissant et p\u00e9tillant \u00e0 savourer sans limite.<\/p>\n","protected":false},"featured_media":30953,"comment_status":"open","ping_status":"closed","template":"","meta":{"om_disable_all_campaigns":false,"_monsterinsights_skip_tracking":false,"_monsterinsights_sitenote_active":false,"_monsterinsights_sitenote_note":"","_monsterinsights_sitenote_category":0},"product_brand":[],"product_cat":[405,406,208],"product_tag":[],"class_list":{"0":"post-31805","1":"product","2":"type-product","3":"status-publish","4":"has-post-thumbnail","6":"product_cat-filtre-par-gout-salt","7":"product_cat-fruite-filtre-par-gout-salt","8":"product_cat-salt","11":"first","12":"instock","13":"featured","14":"shipping-taxable","15":"purchasable","16":"product-type-variable"},"aioseo_notices":[],"jetpack_sharing_enabled":true,"_links":{"self":[{"href":"https:\/\/normandie.ma\/index.php?rest_route=\/wp\/v2\/product\/31805","targetHints":{"allow":["GET"]}}],"collection":[{"href":"https:\/\/normandie.ma\/index.php?rest_route=\/wp\/v2\/product"}],"about":[{"href":"https:\/\/normandie.ma\/index.php?rest_route=\/wp\/v2\/types\/product"}],"replies":[{"embeddable":true,"href":"https:\/\/normandie.ma\/index.php?rest_route=%2Fwp%2Fv2%2Fcomments&post=31805"}],"wp:featuredmedia":[{"embeddable":true,"href":"https:\/\/normandie.ma\/index.php?rest_route=\/wp\/v2\/media\/30953"}],"wp:attachment":[{"href":"https:\/\/normandie.ma\/index.php?rest_route=%2Fwp%2Fv2%2Fmedia&parent=31805"}],"wp:term":[{"taxonomy":"product_brand","embeddable":true,"href":"https:\/\/normandie.ma\/index.php?rest_route=%2Fwp%2Fv2%2Fproduct_brand&post=31805"},{"taxonomy":"product_cat","embeddable":true,"href":"https:\/\/normandie.ma\/index.php?rest_route=%2Fwp%2Fv2%2Fproduct_cat&post=31805"},{"taxonomy":"product_tag","embeddable":true,"href":"https:\/\/normandie.ma\/index.php?rest_route=%2Fwp%2Fv2%2Fproduct_tag&post=31805"}],"curies":[{"name":"wp","href":"https:\/\/api.w.org\/{rel}","templated":true}]}}