{"id":31818,"date":"2023-05-27T23:20:30","date_gmt":"2023-05-27T23:20:30","guid":{"rendered":"https:\/\/normandie.ma\/?product=good-vapes-salts-us-tobacco-30ml-6"},"modified":"2023-06-03T21:56:42","modified_gmt":"2023-06-03T21:56:42","slug":"good-vapes-salts-us-tobacco-30ml-6","status":"publish","type":"product","link":"https:\/\/normandie.ma\/?product=good-vapes-salts-us-tobacco-30ml-6","title":{"rendered":"Good Vapes Salts \u2013 US Tobacco \u2013 30ml"},"content":{"rendered":"<p>L\u2019e-liquide Salt US Tobacco 30ml est une saveur douce de tabac, accentu\u00e9e par une touche de miel, et offre un arri\u00e8re-go\u00fbt agr\u00e9able.<\/p>\n","protected":false},"excerpt":{"rendered":"<p>L\u2019e-liquide Salt US Tobacco 30ml est une saveur douce de tabac, accentu\u00e9e par une touche de miel, et offre un arri\u00e8re-go\u00fbt agr\u00e9able.<\/p>\n","protected":false},"featured_media":30967,"comment_status":"open","ping_status":"closed","template":"","meta":{"om_disable_all_campaigns":false,"_monsterinsights_skip_tracking":false,"_monsterinsights_sitenote_active":false,"_monsterinsights_sitenote_note":"","_monsterinsights_sitenote_category":0},"product_brand":[],"product_cat":[405,208,408],"product_tag":[],"class_list":{"0":"post-31818","1":"product","2":"type-product","3":"status-publish","4":"has-post-thumbnail","6":"product_cat-filtre-par-gout-salt","7":"product_cat-salt","8":"product_cat-tabac-filtre-par-gout-salt","11":"first","12":"instock","13":"featured","14":"shipping-taxable","15":"purchasable","16":"product-type-variable"},"aioseo_notices":[],"jetpack_sharing_enabled":true,"_links":{"self":[{"href":"https:\/\/normandie.ma\/index.php?rest_route=\/wp\/v2\/product\/31818","targetHints":{"allow":["GET"]}}],"collection":[{"href":"https:\/\/normandie.ma\/index.php?rest_route=\/wp\/v2\/product"}],"about":[{"href":"https:\/\/normandie.ma\/index.php?rest_route=\/wp\/v2\/types\/product"}],"replies":[{"embeddable":true,"href":"https:\/\/normandie.ma\/index.php?rest_route=%2Fwp%2Fv2%2Fcomments&post=31818"}],"wp:featuredmedia":[{"embeddable":true,"href":"https:\/\/normandie.ma\/index.php?rest_route=\/wp\/v2\/media\/30967"}],"wp:attachment":[{"href":"https:\/\/normandie.ma\/index.php?rest_route=%2Fwp%2Fv2%2Fmedia&parent=31818"}],"wp:term":[{"taxonomy":"product_brand","embeddable":true,"href":"https:\/\/normandie.ma\/index.php?rest_route=%2Fwp%2Fv2%2Fproduct_brand&post=31818"},{"taxonomy":"product_cat","embeddable":true,"href":"https:\/\/normandie.ma\/index.php?rest_route=%2Fwp%2Fv2%2Fproduct_cat&post=31818"},{"taxonomy":"product_tag","embeddable":true,"href":"https:\/\/normandie.ma\/index.php?rest_route=%2Fwp%2Fv2%2Fproduct_tag&post=31818"}],"curies":[{"name":"wp","href":"https:\/\/api.w.org\/{rel}","templated":true}]}}