{"id":31821,"date":"2023-05-27T23:20:31","date_gmt":"2023-05-27T23:20:31","guid":{"rendered":"https:\/\/normandie.ma\/?product=cartouche-voopoo-vmate-v2-pod-3ml-2"},"modified":"2023-06-03T21:56:17","modified_gmt":"2023-06-03T21:56:17","slug":"cartouche-voopoo-vmate-v2-pod-3ml-2","status":"publish","type":"product","link":"https:\/\/normandie.ma\/?product=cartouche-voopoo-vmate-v2-pod-3ml-2","title":{"rendered":"Cartouche Voopoo VMATE V2 pod-(3ml)"},"content":{"rendered":"<p>Les cartouches de remplacement Voopoo Vmate V2 sont disponibles avec une r\u00e9sistance de 0,7 ou 1,2 ohm. Elles disposent d\u2019une capacit\u00e9 de 3,0 ml d\u2019e-liquide qui peut \u00eatre remplie via le port de remplissage lat\u00e9ral en silicone. Capacit\u00e9 de 3,0 ml d\u2019e-liquide<br \/>\nPort de remplissage lat\u00e9ral en silicone<br \/>\nConnexion magn\u00e9tique<br \/>\nConstruction en PC<\/p>\n","protected":false},"excerpt":{"rendered":"<p>Les cartouches de remplacement Voopoo Vmate V2 sont disponibles avec une r\u00e9sistance de 0,7 ou 1,2 ohm. Elles disposent d\u2019une capacit\u00e9 de 3,0 ml d\u2019e-liquide qui peut \u00eatre remplie via le port de remplissage lat\u00e9ral en silicone. Capacit\u00e9 de 3,0 ml d\u2019e-liquide Port de remplissage lat\u00e9ral en silicone Connexion magn\u00e9tique Construction en PC<\/p>\n","protected":false},"featured_media":30970,"comment_status":"open","ping_status":"closed","template":"","meta":{"om_disable_all_campaigns":false,"_monsterinsights_skip_tracking":false,"_monsterinsights_sitenote_active":false,"_monsterinsights_sitenote_note":"","_monsterinsights_sitenote_category":0},"product_brand":[],"product_cat":[209,227],"product_tag":[],"class_list":{"0":"post-31821","1":"product","2":"type-product","3":"status-publish","4":"has-post-thumbnail","6":"product_cat-cartouches","7":"product_cat-cart-pod","10":"first","11":"instock","12":"featured","13":"shipping-taxable","14":"purchasable","15":"product-type-variable"},"aioseo_notices":[],"jetpack_sharing_enabled":true,"_links":{"self":[{"href":"https:\/\/normandie.ma\/index.php?rest_route=\/wp\/v2\/product\/31821","targetHints":{"allow":["GET"]}}],"collection":[{"href":"https:\/\/normandie.ma\/index.php?rest_route=\/wp\/v2\/product"}],"about":[{"href":"https:\/\/normandie.ma\/index.php?rest_route=\/wp\/v2\/types\/product"}],"replies":[{"embeddable":true,"href":"https:\/\/normandie.ma\/index.php?rest_route=%2Fwp%2Fv2%2Fcomments&post=31821"}],"wp:featuredmedia":[{"embeddable":true,"href":"https:\/\/normandie.ma\/index.php?rest_route=\/wp\/v2\/media\/30970"}],"wp:attachment":[{"href":"https:\/\/normandie.ma\/index.php?rest_route=%2Fwp%2Fv2%2Fmedia&parent=31821"}],"wp:term":[{"taxonomy":"product_brand","embeddable":true,"href":"https:\/\/normandie.ma\/index.php?rest_route=%2Fwp%2Fv2%2Fproduct_brand&post=31821"},{"taxonomy":"product_cat","embeddable":true,"href":"https:\/\/normandie.ma\/index.php?rest_route=%2Fwp%2Fv2%2Fproduct_cat&post=31821"},{"taxonomy":"product_tag","embeddable":true,"href":"https:\/\/normandie.ma\/index.php?rest_route=%2Fwp%2Fv2%2Fproduct_tag&post=31821"}],"curies":[{"name":"wp","href":"https:\/\/api.w.org\/{rel}","templated":true}]}}