{"id":31822,"date":"2023-05-27T23:20:33","date_gmt":"2023-05-27T23:20:33","guid":{"rendered":"https:\/\/normandie.ma\/?product=cartouche-voopoo-pnp-pod-ii-2"},"modified":"2023-05-27T23:20:33","modified_gmt":"2023-05-27T23:20:33","slug":"cartouche-voopoo-pnp-pod-ii-2","status":"publish","type":"product","link":"https:\/\/normandie.ma\/?product=cartouche-voopoo-pnp-pod-ii-2","title":{"rendered":"Cartouche VOOPOO PnP Pod II"},"content":{"rendered":"<p>La cartouche Voopoo PnP Pod II est un pod monocoque con\u00e7u avec une connexion magn\u00e9tique. Il convient au Kit Voopoo Drag H80S et Drag E60 Kit, et est compatible avec toutes les r\u00e9sistances PnP, y compris les r\u00e9sistances RBA (r\u00e9sistance non incluse). Le PnP Pod II dispose d\u2019un syst\u00e8me de remplissage par le haut et d\u2019un r\u00e9glage d\u2019air rotatif.  Capacit\u00e9 : 4.5ml\/2ml(TPD)<br \/>\nMat\u00e9riau : PCTG<br \/>\nR\u00e9sistances : Toutes les r\u00e9sistances PnP<br \/>\nConvient pour Voopoo Drag H80S Kit \/ Drag E60 Kit<\/p>\n","protected":false},"excerpt":{"rendered":"<p>La cartouche Voopoo PnP Pod II est un pod monocoque con\u00e7u avec une connexion magn\u00e9tique. Il convient au Kit Voopoo Drag H80S et Drag E60 Kit, et est compatible avec toutes les r\u00e9sistances PnP, y compris les r\u00e9sistances RBA (r\u00e9sistance non incluse). Le PnP Pod II dispose d\u2019un syst\u00e8me de remplissage par le haut et [&hellip;]<\/p>\n","protected":false},"featured_media":30972,"comment_status":"open","ping_status":"closed","template":"","meta":{"om_disable_all_campaigns":false,"_monsterinsights_skip_tracking":false,"_monsterinsights_sitenote_active":false,"_monsterinsights_sitenote_note":"","_monsterinsights_sitenote_category":0},"product_brand":[],"product_cat":[209,227],"product_tag":[],"class_list":{"0":"post-31822","1":"product","2":"type-product","3":"status-publish","4":"has-post-thumbnail","6":"product_cat-cartouches","7":"product_cat-cart-pod","10":"first","11":"instock","12":"featured","13":"shipping-taxable","14":"purchasable","15":"product-type-simple"},"aioseo_notices":[],"jetpack_sharing_enabled":true,"_links":{"self":[{"href":"https:\/\/normandie.ma\/index.php?rest_route=\/wp\/v2\/product\/31822","targetHints":{"allow":["GET"]}}],"collection":[{"href":"https:\/\/normandie.ma\/index.php?rest_route=\/wp\/v2\/product"}],"about":[{"href":"https:\/\/normandie.ma\/index.php?rest_route=\/wp\/v2\/types\/product"}],"replies":[{"embeddable":true,"href":"https:\/\/normandie.ma\/index.php?rest_route=%2Fwp%2Fv2%2Fcomments&post=31822"}],"wp:featuredmedia":[{"embeddable":true,"href":"https:\/\/normandie.ma\/index.php?rest_route=\/wp\/v2\/media\/30972"}],"wp:attachment":[{"href":"https:\/\/normandie.ma\/index.php?rest_route=%2Fwp%2Fv2%2Fmedia&parent=31822"}],"wp:term":[{"taxonomy":"product_brand","embeddable":true,"href":"https:\/\/normandie.ma\/index.php?rest_route=%2Fwp%2Fv2%2Fproduct_brand&post=31822"},{"taxonomy":"product_cat","embeddable":true,"href":"https:\/\/normandie.ma\/index.php?rest_route=%2Fwp%2Fv2%2Fproduct_cat&post=31822"},{"taxonomy":"product_tag","embeddable":true,"href":"https:\/\/normandie.ma\/index.php?rest_route=%2Fwp%2Fv2%2Fproduct_tag&post=31822"}],"curies":[{"name":"wp","href":"https:\/\/api.w.org\/{rel}","templated":true}]}}