{"id":31827,"date":"2023-05-27T23:20:35","date_gmt":"2023-05-27T23:20:35","guid":{"rendered":"https:\/\/normandie.ma\/?product=pod-de-rechange-geekvape-aegis-boost-2"},"modified":"2023-05-27T23:20:35","modified_gmt":"2023-05-27T23:20:35","slug":"pod-de-rechange-geekvape-aegis-boost-2","status":"publish","type":"product","link":"https:\/\/normandie.ma\/?product=pod-de-rechange-geekvape-aegis-boost-2","title":{"rendered":"Pod de rechange Geekvape Aegis Boost"},"content":{"rendered":"<p>Certifi\u00e9 IP67, votre joli pod Aegis Boost Plus est pratiquement indestructible ! Mais ce n\u2019est pas le cas de sa cartouche. Alors, pour pr\u00e9venir d\u2019\u00e9ventuelles chutes de celle-ci, ou simplement pour varier les plaisirs, le g\u00e9ant Geek Vape pr\u00e9sente le pod de rechange Geekvape Aegis Boost, identique \u00e0 celui d\u2019origine. Contenance : 5.5ml<br \/>\nR\u00e9sistances accept\u00e9es : incluses<br \/>\nRemplissage : par lehaut<br \/>\nDrip tip : inclus<br \/>\nConnecteur : inclus<\/p>\n","protected":false},"excerpt":{"rendered":"<p>Certifi\u00e9 IP67, votre joli pod Aegis Boost Plus est pratiquement indestructible ! Mais ce n\u2019est pas le cas de sa cartouche. Alors, pour pr\u00e9venir d\u2019\u00e9ventuelles chutes de celle-ci, ou simplement pour varier les plaisirs, le g\u00e9ant Geek Vape pr\u00e9sente le pod de rechange Geekvape Aegis Boost, identique \u00e0 celui d\u2019origine. Contenance : 5.5ml R\u00e9sistances accept\u00e9es [&hellip;]<\/p>\n","protected":false},"featured_media":30983,"comment_status":"open","ping_status":"closed","template":"","meta":{"om_disable_all_campaigns":false,"_monsterinsights_skip_tracking":false,"_monsterinsights_sitenote_active":false,"_monsterinsights_sitenote_note":"","_monsterinsights_sitenote_category":0},"product_brand":[],"product_cat":[209,227],"product_tag":[],"class_list":{"0":"post-31827","1":"product","2":"type-product","3":"status-publish","4":"has-post-thumbnail","6":"product_cat-cartouches","7":"product_cat-cart-pod","10":"first","11":"instock","12":"featured","13":"shipping-taxable","14":"purchasable","15":"product-type-simple"},"aioseo_notices":[],"jetpack_sharing_enabled":true,"_links":{"self":[{"href":"https:\/\/normandie.ma\/index.php?rest_route=\/wp\/v2\/product\/31827","targetHints":{"allow":["GET"]}}],"collection":[{"href":"https:\/\/normandie.ma\/index.php?rest_route=\/wp\/v2\/product"}],"about":[{"href":"https:\/\/normandie.ma\/index.php?rest_route=\/wp\/v2\/types\/product"}],"replies":[{"embeddable":true,"href":"https:\/\/normandie.ma\/index.php?rest_route=%2Fwp%2Fv2%2Fcomments&post=31827"}],"wp:featuredmedia":[{"embeddable":true,"href":"https:\/\/normandie.ma\/index.php?rest_route=\/wp\/v2\/media\/30983"}],"wp:attachment":[{"href":"https:\/\/normandie.ma\/index.php?rest_route=%2Fwp%2Fv2%2Fmedia&parent=31827"}],"wp:term":[{"taxonomy":"product_brand","embeddable":true,"href":"https:\/\/normandie.ma\/index.php?rest_route=%2Fwp%2Fv2%2Fproduct_brand&post=31827"},{"taxonomy":"product_cat","embeddable":true,"href":"https:\/\/normandie.ma\/index.php?rest_route=%2Fwp%2Fv2%2Fproduct_cat&post=31827"},{"taxonomy":"product_tag","embeddable":true,"href":"https:\/\/normandie.ma\/index.php?rest_route=%2Fwp%2Fv2%2Fproduct_tag&post=31827"}],"curies":[{"name":"wp","href":"https:\/\/api.w.org\/{rel}","templated":true}]}}