{"id":31830,"date":"2023-05-27T23:20:36","date_gmt":"2023-05-27T23:20:36","guid":{"rendered":"https:\/\/normandie.ma\/?product=cartouche-vide-smok-rpm160-2"},"modified":"2023-05-27T23:20:36","modified_gmt":"2023-05-27T23:20:36","slug":"cartouche-vide-smok-rpm160-2","status":"publish","type":"product","link":"https:\/\/normandie.ma\/?product=cartouche-vide-smok-rpm160-2","title":{"rendered":"Cartouche Vide Smok RPM160"},"content":{"rendered":"<p>Envie de varier les plaisirs en changeant r\u00e9guli\u00e8rement de saveurs d\u2019e-liquide ? Chez Smok, tout est possible ! Voici la cartouche RPM160 qui va satisfaire votre curiosit\u00e9 vaporesque ! Identique \u00e0 l\u2019original, chaque cartouche RPM160 offre une \u00e9norme capacit\u00e9 de 7.5ml et offre un confort maximal \u00e0 vos l\u00e8vres avec un drip tip arrondi.  Marque Compatible : Smok<br \/>\nMati\u00e8re : plastique PCTG<br \/>\nType de r\u00e9sistance : interchangeable<br \/>\nR\u00e9sistances compatibles : RPM160 \u2013 Smok<br \/>\nTaille Drip Tip : inclus<br \/>\nAir Flow : non r\u00e9glable<br \/>\nUtilisation Classique<br \/>\nMarque : SMOK<br \/>\nContenance (en ml) : 7.5<br \/>\nType de produit : Cartouche<br \/>\nRemplissage lat\u00e9ral<br \/>\nCompatibilit\u00e9 Kit : RPM160 \u2013 Smok<\/p>\n","protected":false},"excerpt":{"rendered":"<p>Envie de varier les plaisirs en changeant r\u00e9guli\u00e8rement de saveurs d\u2019e-liquide ? Chez Smok, tout est possible ! Voici la cartouche RPM160 qui va satisfaire votre curiosit\u00e9 vaporesque ! Identique \u00e0 l\u2019original, chaque cartouche RPM160 offre une \u00e9norme capacit\u00e9 de 7.5ml et offre un confort maximal \u00e0 vos l\u00e8vres avec un drip tip arrondi. Marque [&hellip;]<\/p>\n","protected":false},"featured_media":30999,"comment_status":"open","ping_status":"closed","template":"","meta":{"om_disable_all_campaigns":false,"_monsterinsights_skip_tracking":false,"_monsterinsights_sitenote_active":false,"_monsterinsights_sitenote_note":"","_monsterinsights_sitenote_category":0},"product_brand":[],"product_cat":[209,227],"product_tag":[],"class_list":{"0":"post-31830","1":"product","2":"type-product","3":"status-publish","4":"has-post-thumbnail","6":"product_cat-cartouches","7":"product_cat-cart-pod","10":"first","11":"instock","12":"featured","13":"shipping-taxable","14":"purchasable","15":"product-type-simple"},"aioseo_notices":[],"jetpack_sharing_enabled":true,"_links":{"self":[{"href":"https:\/\/normandie.ma\/index.php?rest_route=\/wp\/v2\/product\/31830","targetHints":{"allow":["GET"]}}],"collection":[{"href":"https:\/\/normandie.ma\/index.php?rest_route=\/wp\/v2\/product"}],"about":[{"href":"https:\/\/normandie.ma\/index.php?rest_route=\/wp\/v2\/types\/product"}],"replies":[{"embeddable":true,"href":"https:\/\/normandie.ma\/index.php?rest_route=%2Fwp%2Fv2%2Fcomments&post=31830"}],"wp:featuredmedia":[{"embeddable":true,"href":"https:\/\/normandie.ma\/index.php?rest_route=\/wp\/v2\/media\/30999"}],"wp:attachment":[{"href":"https:\/\/normandie.ma\/index.php?rest_route=%2Fwp%2Fv2%2Fmedia&parent=31830"}],"wp:term":[{"taxonomy":"product_brand","embeddable":true,"href":"https:\/\/normandie.ma\/index.php?rest_route=%2Fwp%2Fv2%2Fproduct_brand&post=31830"},{"taxonomy":"product_cat","embeddable":true,"href":"https:\/\/normandie.ma\/index.php?rest_route=%2Fwp%2Fv2%2Fproduct_cat&post=31830"},{"taxonomy":"product_tag","embeddable":true,"href":"https:\/\/normandie.ma\/index.php?rest_route=%2Fwp%2Fv2%2Fproduct_tag&post=31830"}],"curies":[{"name":"wp","href":"https:\/\/api.w.org\/{rel}","templated":true}]}}