{"id":31833,"date":"2023-05-27T23:20:37","date_gmt":"2023-05-27T23:20:37","guid":{"rendered":"https:\/\/normandie.ma\/?product=cartouche-nord-4-empty-pod-2"},"modified":"2023-06-03T21:53:59","modified_gmt":"2023-06-03T21:53:59","slug":"cartouche-nord-4-empty-pod-2","status":"publish","type":"product","link":"https:\/\/normandie.ma\/?product=cartouche-nord-4-empty-pod-2","title":{"rendered":"Cartouche Nord 4 Empty pod"},"content":{"rendered":"<p>Les pods Nord 4 RPM pour le kit Nord 4 de SMOK ont une capacit\u00e9 d\u2019e-liquide sans pr\u00e9c\u00e9dent de 4,5 ml et sont compatibles avec les r\u00e9sistances de la s\u00e9rie RPM. Capacit\u00e9 : 4,5 ml<br \/>\nCompatibilit\u00e9 avec la r\u00e9sistance RPM<br \/>\nInstallation de la r\u00e9sistance Plug \u2018n\u2019 Play<br \/>\nConnexion magn\u00e9tique du pod<\/p>\n","protected":false},"excerpt":{"rendered":"<p>Les pods Nord 4 RPM pour le kit Nord 4 de SMOK ont une capacit\u00e9 d\u2019e-liquide sans pr\u00e9c\u00e9dent de 4,5 ml et sont compatibles avec les r\u00e9sistances de la s\u00e9rie RPM. Capacit\u00e9 : 4,5 ml Compatibilit\u00e9 avec la r\u00e9sistance RPM Installation de la r\u00e9sistance Plug \u2018n\u2019 Play Connexion magn\u00e9tique du pod<\/p>\n","protected":false},"featured_media":31009,"comment_status":"open","ping_status":"closed","template":"","meta":{"om_disable_all_campaigns":false,"_monsterinsights_skip_tracking":false,"_monsterinsights_sitenote_active":false,"_monsterinsights_sitenote_note":"","_monsterinsights_sitenote_category":0},"product_brand":[],"product_cat":[209,227],"product_tag":[],"class_list":{"0":"post-31833","1":"product","2":"type-product","3":"status-publish","4":"has-post-thumbnail","6":"product_cat-cartouches","7":"product_cat-cart-pod","10":"first","11":"instock","12":"featured","13":"shipping-taxable","14":"purchasable","15":"product-type-variable"},"aioseo_notices":[],"jetpack_sharing_enabled":true,"_links":{"self":[{"href":"https:\/\/normandie.ma\/index.php?rest_route=\/wp\/v2\/product\/31833","targetHints":{"allow":["GET"]}}],"collection":[{"href":"https:\/\/normandie.ma\/index.php?rest_route=\/wp\/v2\/product"}],"about":[{"href":"https:\/\/normandie.ma\/index.php?rest_route=\/wp\/v2\/types\/product"}],"replies":[{"embeddable":true,"href":"https:\/\/normandie.ma\/index.php?rest_route=%2Fwp%2Fv2%2Fcomments&post=31833"}],"wp:featuredmedia":[{"embeddable":true,"href":"https:\/\/normandie.ma\/index.php?rest_route=\/wp\/v2\/media\/31009"}],"wp:attachment":[{"href":"https:\/\/normandie.ma\/index.php?rest_route=%2Fwp%2Fv2%2Fmedia&parent=31833"}],"wp:term":[{"taxonomy":"product_brand","embeddable":true,"href":"https:\/\/normandie.ma\/index.php?rest_route=%2Fwp%2Fv2%2Fproduct_brand&post=31833"},{"taxonomy":"product_cat","embeddable":true,"href":"https:\/\/normandie.ma\/index.php?rest_route=%2Fwp%2Fv2%2Fproduct_cat&post=31833"},{"taxonomy":"product_tag","embeddable":true,"href":"https:\/\/normandie.ma\/index.php?rest_route=%2Fwp%2Fv2%2Fproduct_tag&post=31833"}],"curies":[{"name":"wp","href":"https:\/\/api.w.org\/{rel}","templated":true}]}}