{"id":31834,"date":"2023-05-27T23:20:37","date_gmt":"2023-05-27T23:20:37","guid":{"rendered":"https:\/\/normandie.ma\/?product=cartouche-geekvape-mero-aio-2"},"modified":"2023-05-27T23:20:37","modified_gmt":"2023-05-27T23:20:37","slug":"cartouche-geekvape-mero-aio-2","status":"publish","type":"product","link":"https:\/\/normandie.ma\/?product=cartouche-geekvape-mero-aio-2","title":{"rendered":"Cartouche Geekvape Mero Aio"},"content":{"rendered":"<p>La cartouche Mero Aio propos\u00e9e par GeekVape est destin\u00e9e \u00e0 \u00eatre mont\u00e9e sur le pod Mero Aio. Le r\u00e9servoir de rechange Mero a une capacit\u00e9 de 3 ml ! Le remplissage de la cartouche se fait rapidement par lehaut : soulevez le joint en silicone pr\u00e9sent \u00e0 la base du drip tip et versez votre e-liquide. Robustes, les cartouches Mero de GeekVape sont capables de recevoir toutes les r\u00e9sistances B.  Marque: GeekVape<br \/>\nRemplissage : Par le haut<br \/>\nR\u00e9servoir : 3 ml<br \/>\nDrip Tip : unique<\/p>\n","protected":false},"excerpt":{"rendered":"<p>La cartouche Mero Aio propos\u00e9e par GeekVape est destin\u00e9e \u00e0 \u00eatre mont\u00e9e sur le pod Mero Aio. Le r\u00e9servoir de rechange Mero a une capacit\u00e9 de 3 ml ! Le remplissage de la cartouche se fait rapidement par lehaut : soulevez le joint en silicone pr\u00e9sent \u00e0 la base du drip tip et versez votre [&hellip;]<\/p>\n","protected":false},"featured_media":31010,"comment_status":"open","ping_status":"closed","template":"","meta":{"om_disable_all_campaigns":false,"_monsterinsights_skip_tracking":false,"_monsterinsights_sitenote_active":false,"_monsterinsights_sitenote_note":"","_monsterinsights_sitenote_category":0},"product_brand":[],"product_cat":[209,227],"product_tag":[],"class_list":{"0":"post-31834","1":"product","2":"type-product","3":"status-publish","4":"has-post-thumbnail","6":"product_cat-cartouches","7":"product_cat-cart-pod","10":"first","11":"instock","12":"featured","13":"shipping-taxable","14":"purchasable","15":"product-type-simple"},"aioseo_notices":[],"jetpack_sharing_enabled":true,"_links":{"self":[{"href":"https:\/\/normandie.ma\/index.php?rest_route=\/wp\/v2\/product\/31834","targetHints":{"allow":["GET"]}}],"collection":[{"href":"https:\/\/normandie.ma\/index.php?rest_route=\/wp\/v2\/product"}],"about":[{"href":"https:\/\/normandie.ma\/index.php?rest_route=\/wp\/v2\/types\/product"}],"replies":[{"embeddable":true,"href":"https:\/\/normandie.ma\/index.php?rest_route=%2Fwp%2Fv2%2Fcomments&post=31834"}],"wp:featuredmedia":[{"embeddable":true,"href":"https:\/\/normandie.ma\/index.php?rest_route=\/wp\/v2\/media\/31010"}],"wp:attachment":[{"href":"https:\/\/normandie.ma\/index.php?rest_route=%2Fwp%2Fv2%2Fmedia&parent=31834"}],"wp:term":[{"taxonomy":"product_brand","embeddable":true,"href":"https:\/\/normandie.ma\/index.php?rest_route=%2Fwp%2Fv2%2Fproduct_brand&post=31834"},{"taxonomy":"product_cat","embeddable":true,"href":"https:\/\/normandie.ma\/index.php?rest_route=%2Fwp%2Fv2%2Fproduct_cat&post=31834"},{"taxonomy":"product_tag","embeddable":true,"href":"https:\/\/normandie.ma\/index.php?rest_route=%2Fwp%2Fv2%2Fproduct_tag&post=31834"}],"curies":[{"name":"wp","href":"https:\/\/api.w.org\/{rel}","templated":true}]}}