{"id":31842,"date":"2023-05-27T23:20:40","date_gmt":"2023-05-27T23:20:40","guid":{"rendered":"https:\/\/normandie.ma\/?product=cartouche-freemax-onnix-2"},"modified":"2023-06-03T21:53:30","modified_gmt":"2023-06-03T21:53:30","slug":"cartouche-freemax-onnix-2","status":"publish","type":"product","link":"https:\/\/normandie.ma\/?product=cartouche-freemax-onnix-2","title":{"rendered":"Cartouche FreeMax Onnix"},"content":{"rendered":"<p>La cartouche Onnix est sp\u00e9cialement con\u00e7ue pour le kit FreeMax Onnix, avec une capacit\u00e9 de 3.5ml d\u2019 e-liquide. Contenance : 3.5ml<\/p>\n","protected":false},"excerpt":{"rendered":"<p>La cartouche Onnix est sp\u00e9cialement con\u00e7ue pour le kit FreeMax Onnix, avec une capacit\u00e9 de 3.5ml d\u2019 e-liquide. Contenance : 3.5ml<\/p>\n","protected":false},"featured_media":31023,"comment_status":"open","ping_status":"closed","template":"","meta":{"om_disable_all_campaigns":false,"_monsterinsights_skip_tracking":false,"_monsterinsights_sitenote_active":false,"_monsterinsights_sitenote_note":"","_monsterinsights_sitenote_category":0},"product_brand":[],"product_cat":[209,227],"product_tag":[],"class_list":{"0":"post-31842","1":"product","2":"type-product","3":"status-publish","4":"has-post-thumbnail","6":"product_cat-cartouches","7":"product_cat-cart-pod","10":"first","11":"instock","12":"featured","13":"shipping-taxable","14":"purchasable","15":"product-type-variable"},"aioseo_notices":[],"jetpack_sharing_enabled":true,"_links":{"self":[{"href":"https:\/\/normandie.ma\/index.php?rest_route=\/wp\/v2\/product\/31842","targetHints":{"allow":["GET"]}}],"collection":[{"href":"https:\/\/normandie.ma\/index.php?rest_route=\/wp\/v2\/product"}],"about":[{"href":"https:\/\/normandie.ma\/index.php?rest_route=\/wp\/v2\/types\/product"}],"replies":[{"embeddable":true,"href":"https:\/\/normandie.ma\/index.php?rest_route=%2Fwp%2Fv2%2Fcomments&post=31842"}],"wp:featuredmedia":[{"embeddable":true,"href":"https:\/\/normandie.ma\/index.php?rest_route=\/wp\/v2\/media\/31023"}],"wp:attachment":[{"href":"https:\/\/normandie.ma\/index.php?rest_route=%2Fwp%2Fv2%2Fmedia&parent=31842"}],"wp:term":[{"taxonomy":"product_brand","embeddable":true,"href":"https:\/\/normandie.ma\/index.php?rest_route=%2Fwp%2Fv2%2Fproduct_brand&post=31842"},{"taxonomy":"product_cat","embeddable":true,"href":"https:\/\/normandie.ma\/index.php?rest_route=%2Fwp%2Fv2%2Fproduct_cat&post=31842"},{"taxonomy":"product_tag","embeddable":true,"href":"https:\/\/normandie.ma\/index.php?rest_route=%2Fwp%2Fv2%2Fproduct_tag&post=31842"}],"curies":[{"name":"wp","href":"https:\/\/api.w.org\/{rel}","templated":true}]}}