{"id":31843,"date":"2023-05-27T23:20:41","date_gmt":"2023-05-27T23:20:41","guid":{"rendered":"https:\/\/normandie.ma\/?product=cartouche-voopoo-vinci-2-pod-6-5ml-2"},"modified":"2023-05-27T23:20:41","modified_gmt":"2023-05-27T23:20:41","slug":"cartouche-voopoo-vinci-2-pod-6-5ml-2","status":"publish","type":"product","link":"https:\/\/normandie.ma\/?product=cartouche-voopoo-vinci-2-pod-6-5ml-2","title":{"rendered":"Cartouche Voopoo Vinci 2 Pod 6.5ML"},"content":{"rendered":"<p>Cette cartouche est enti\u00e8rement compatible avec le pod Vinci de Voopoo. Elle peut contenir 5,5ml du liquide de votre choix. Le remplissage sur le c\u00f4t\u00e9 est facile et rapide avec un bouchon en silicone pour une fermeture herm\u00e9tique.  Marque : VOOPOO<br \/>\nR\u00e9servoir : 5.5 ml<br \/>\nAirflow : r\u00e9glable<\/p>\n","protected":false},"excerpt":{"rendered":"<p>Cette cartouche est enti\u00e8rement compatible avec le pod Vinci de Voopoo. Elle peut contenir 5,5ml du liquide de votre choix. Le remplissage sur le c\u00f4t\u00e9 est facile et rapide avec un bouchon en silicone pour une fermeture herm\u00e9tique. Marque : VOOPOO R\u00e9servoir : 5.5 ml Airflow : r\u00e9glable<\/p>\n","protected":false},"featured_media":31025,"comment_status":"open","ping_status":"closed","template":"","meta":{"om_disable_all_campaigns":false,"_monsterinsights_skip_tracking":false,"_monsterinsights_sitenote_active":false,"_monsterinsights_sitenote_note":"","_monsterinsights_sitenote_category":0},"product_brand":[],"product_cat":[209,227],"product_tag":[],"class_list":{"0":"post-31843","1":"product","2":"type-product","3":"status-publish","4":"has-post-thumbnail","6":"product_cat-cartouches","7":"product_cat-cart-pod","10":"first","11":"instock","12":"featured","13":"shipping-taxable","14":"purchasable","15":"product-type-simple"},"aioseo_notices":[],"jetpack_sharing_enabled":true,"_links":{"self":[{"href":"https:\/\/normandie.ma\/index.php?rest_route=\/wp\/v2\/product\/31843","targetHints":{"allow":["GET"]}}],"collection":[{"href":"https:\/\/normandie.ma\/index.php?rest_route=\/wp\/v2\/product"}],"about":[{"href":"https:\/\/normandie.ma\/index.php?rest_route=\/wp\/v2\/types\/product"}],"replies":[{"embeddable":true,"href":"https:\/\/normandie.ma\/index.php?rest_route=%2Fwp%2Fv2%2Fcomments&post=31843"}],"wp:featuredmedia":[{"embeddable":true,"href":"https:\/\/normandie.ma\/index.php?rest_route=\/wp\/v2\/media\/31025"}],"wp:attachment":[{"href":"https:\/\/normandie.ma\/index.php?rest_route=%2Fwp%2Fv2%2Fmedia&parent=31843"}],"wp:term":[{"taxonomy":"product_brand","embeddable":true,"href":"https:\/\/normandie.ma\/index.php?rest_route=%2Fwp%2Fv2%2Fproduct_brand&post=31843"},{"taxonomy":"product_cat","embeddable":true,"href":"https:\/\/normandie.ma\/index.php?rest_route=%2Fwp%2Fv2%2Fproduct_cat&post=31843"},{"taxonomy":"product_tag","embeddable":true,"href":"https:\/\/normandie.ma\/index.php?rest_route=%2Fwp%2Fv2%2Fproduct_tag&post=31843"}],"curies":[{"name":"wp","href":"https:\/\/api.w.org\/{rel}","templated":true}]}}