{"id":31846,"date":"2023-05-27T23:20:42","date_gmt":"2023-05-27T23:20:42","guid":{"rendered":"https:\/\/normandie.ma\/?product=cartouche-smok-g-priv-pod-2"},"modified":"2023-06-03T21:52:16","modified_gmt":"2023-06-03T21:52:16","slug":"cartouche-smok-g-priv-pod-2","status":"publish","type":"product","link":"https:\/\/normandie.ma\/?product=cartouche-smok-g-priv-pod-2","title":{"rendered":"Cartouche Smok G-Priv Pod"},"content":{"rendered":"<p>La cartouche LP2 d\u2019une capacit\u00e9 de 5.5 ml pour le kit G-Priv Pod de la marque Smok. Marque : Smok<br \/>\nCapacit\u00e9 : 5,5 ml<br \/>\nCompatibilit\u00e9 : Kit G-Priv Pod<\/p>\n","protected":false},"excerpt":{"rendered":"<p>La cartouche LP2 d\u2019une capacit\u00e9 de 5.5 ml pour le kit G-Priv Pod de la marque Smok. Marque : Smok Capacit\u00e9 : 5,5 ml Compatibilit\u00e9 : Kit G-Priv Pod<\/p>\n","protected":false},"featured_media":31028,"comment_status":"open","ping_status":"closed","template":"","meta":{"om_disable_all_campaigns":false,"_monsterinsights_skip_tracking":false,"_monsterinsights_sitenote_active":false,"_monsterinsights_sitenote_note":"","_monsterinsights_sitenote_category":0},"product_brand":[],"product_cat":[209,227],"product_tag":[],"class_list":{"0":"post-31846","1":"product","2":"type-product","3":"status-publish","4":"has-post-thumbnail","6":"product_cat-cartouches","7":"product_cat-cart-pod","10":"first","11":"instock","12":"featured","13":"shipping-taxable","14":"purchasable","15":"product-type-variable"},"aioseo_notices":[],"jetpack_sharing_enabled":true,"_links":{"self":[{"href":"https:\/\/normandie.ma\/index.php?rest_route=\/wp\/v2\/product\/31846","targetHints":{"allow":["GET"]}}],"collection":[{"href":"https:\/\/normandie.ma\/index.php?rest_route=\/wp\/v2\/product"}],"about":[{"href":"https:\/\/normandie.ma\/index.php?rest_route=\/wp\/v2\/types\/product"}],"replies":[{"embeddable":true,"href":"https:\/\/normandie.ma\/index.php?rest_route=%2Fwp%2Fv2%2Fcomments&post=31846"}],"wp:featuredmedia":[{"embeddable":true,"href":"https:\/\/normandie.ma\/index.php?rest_route=\/wp\/v2\/media\/31028"}],"wp:attachment":[{"href":"https:\/\/normandie.ma\/index.php?rest_route=%2Fwp%2Fv2%2Fmedia&parent=31846"}],"wp:term":[{"taxonomy":"product_brand","embeddable":true,"href":"https:\/\/normandie.ma\/index.php?rest_route=%2Fwp%2Fv2%2Fproduct_brand&post=31846"},{"taxonomy":"product_cat","embeddable":true,"href":"https:\/\/normandie.ma\/index.php?rest_route=%2Fwp%2Fv2%2Fproduct_cat&post=31846"},{"taxonomy":"product_tag","embeddable":true,"href":"https:\/\/normandie.ma\/index.php?rest_route=%2Fwp%2Fv2%2Fproduct_tag&post=31846"}],"curies":[{"name":"wp","href":"https:\/\/api.w.org\/{rel}","templated":true}]}}