{"id":31849,"date":"2023-05-27T23:20:43","date_gmt":"2023-05-27T23:20:43","guid":{"rendered":"https:\/\/normandie.ma\/?product=cartouche-smok-solus-meshed-0-9%cf%89-pod-2"},"modified":"2023-05-27T23:20:43","modified_gmt":"2023-05-27T23:20:43","slug":"cartouche-smok-solus-meshed-0-9%cf%89-pod-2","status":"publish","type":"product","link":"https:\/\/normandie.ma\/?product=cartouche-smok-solus-meshed-0-9%cf%89-pod-2","title":{"rendered":"Cartouche Smok SOLUS Meshed 0.9\u03a9 Pod"},"content":{"rendered":"<p>Le pod de remplacement SMOK Solus est con\u00e7u pour le kit Solus pod. La cartouche SMOK Solus a une capacit\u00e9 de 3ml avec un design de remplissage lat\u00e9ral et une r\u00e9sistance maill\u00e9e 0.9ohm pr\u00e9-install\u00e9e pour un go\u00fbt MTL pur. Le pod SMOK Solus adopte un embout buccal en forme de bec, ce qui r\u00e9duit les fuites dans votre bouche.<\/p>\n<p>**R\u00e9sistance int\u00e9gr\u00e9e \u00e0 la cartouche**  Mat\u00e9riau : PCTG<br \/>\nCapacit\u00e9 : 3ml<br \/>\nR\u00e9sistance : 0.9ohm<br \/>\nRemplissage lat\u00e9ral<br \/>\nR\u00e9sistance maill\u00e9e pr\u00e9-install\u00e9e<br \/>\nEmbout en forme de bec<\/p>\n","protected":false},"excerpt":{"rendered":"<p>Le pod de remplacement SMOK Solus est con\u00e7u pour le kit Solus pod. La cartouche SMOK Solus a une capacit\u00e9 de 3ml avec un design de remplissage lat\u00e9ral et une r\u00e9sistance maill\u00e9e 0.9ohm pr\u00e9-install\u00e9e pour un go\u00fbt MTL pur. Le pod SMOK Solus adopte un embout buccal en forme de bec, ce qui r\u00e9duit les [&hellip;]<\/p>\n","protected":false},"featured_media":31031,"comment_status":"open","ping_status":"closed","template":"","meta":{"om_disable_all_campaigns":false,"_monsterinsights_skip_tracking":false,"_monsterinsights_sitenote_active":false,"_monsterinsights_sitenote_note":"","_monsterinsights_sitenote_category":0},"product_brand":[],"product_cat":[209,227],"product_tag":[],"class_list":{"0":"post-31849","1":"product","2":"type-product","3":"status-publish","4":"has-post-thumbnail","6":"product_cat-cartouches","7":"product_cat-cart-pod","10":"first","11":"instock","12":"featured","13":"shipping-taxable","14":"purchasable","15":"product-type-simple"},"aioseo_notices":[],"jetpack_sharing_enabled":true,"_links":{"self":[{"href":"https:\/\/normandie.ma\/index.php?rest_route=\/wp\/v2\/product\/31849","targetHints":{"allow":["GET"]}}],"collection":[{"href":"https:\/\/normandie.ma\/index.php?rest_route=\/wp\/v2\/product"}],"about":[{"href":"https:\/\/normandie.ma\/index.php?rest_route=\/wp\/v2\/types\/product"}],"replies":[{"embeddable":true,"href":"https:\/\/normandie.ma\/index.php?rest_route=%2Fwp%2Fv2%2Fcomments&post=31849"}],"wp:featuredmedia":[{"embeddable":true,"href":"https:\/\/normandie.ma\/index.php?rest_route=\/wp\/v2\/media\/31031"}],"wp:attachment":[{"href":"https:\/\/normandie.ma\/index.php?rest_route=%2Fwp%2Fv2%2Fmedia&parent=31849"}],"wp:term":[{"taxonomy":"product_brand","embeddable":true,"href":"https:\/\/normandie.ma\/index.php?rest_route=%2Fwp%2Fv2%2Fproduct_brand&post=31849"},{"taxonomy":"product_cat","embeddable":true,"href":"https:\/\/normandie.ma\/index.php?rest_route=%2Fwp%2Fv2%2Fproduct_cat&post=31849"},{"taxonomy":"product_tag","embeddable":true,"href":"https:\/\/normandie.ma\/index.php?rest_route=%2Fwp%2Fv2%2Fproduct_tag&post=31849"}],"curies":[{"name":"wp","href":"https:\/\/api.w.org\/{rel}","templated":true}]}}