{"id":31850,"date":"2023-05-27T23:20:43","date_gmt":"2023-05-27T23:20:43","guid":{"rendered":"https:\/\/normandie.ma\/?product=cartouche-voopoo-drag-nano-2-2ml-2"},"modified":"2023-06-03T21:51:34","modified_gmt":"2023-06-03T21:51:34","slug":"cartouche-voopoo-drag-nano-2-2ml-2","status":"publish","type":"product","link":"https:\/\/normandie.ma\/?product=cartouche-voopoo-drag-nano-2-2ml-2","title":{"rendered":"Cartouche Voopoo Drag nano 2 \u2013 2ml"},"content":{"rendered":"<p>Une cartouche de remplacement pour votre pod Drag Nano 2 de chez Voopoo. Sa contenance est de 2 ml et son remplissage se fera tr\u00e8s simplement en faisant basculer le drip tip. Contenance 2ml<br \/>\nTank PCTG<br \/>\nRemplissage Par le haut<br \/>\nDrip-tip Propri\u00e9taire<br \/>\nConnecteur Propri\u00e9taire<\/p>\n<p>**R\u00e9sistance int\u00e9gr\u00e9e \u00e0 la cartouche**<\/p>\n","protected":false},"excerpt":{"rendered":"<p>Une cartouche de remplacement pour votre pod Drag Nano 2 de chez Voopoo. Sa contenance est de 2 ml et son remplissage se fera tr\u00e8s simplement en faisant basculer le drip tip. Contenance 2ml Tank PCTG Remplissage Par le haut Drip-tip Propri\u00e9taire Connecteur Propri\u00e9taire **R\u00e9sistance int\u00e9gr\u00e9e \u00e0 la cartouche**<\/p>\n","protected":false},"featured_media":31032,"comment_status":"open","ping_status":"closed","template":"","meta":{"om_disable_all_campaigns":false,"_monsterinsights_skip_tracking":false,"_monsterinsights_sitenote_active":false,"_monsterinsights_sitenote_note":"","_monsterinsights_sitenote_category":0},"product_brand":[],"product_cat":[209,227],"product_tag":[],"class_list":{"0":"post-31850","1":"product","2":"type-product","3":"status-publish","4":"has-post-thumbnail","6":"product_cat-cartouches","7":"product_cat-cart-pod","10":"first","11":"instock","12":"featured","13":"shipping-taxable","14":"purchasable","15":"product-type-variable"},"aioseo_notices":[],"jetpack_sharing_enabled":true,"_links":{"self":[{"href":"https:\/\/normandie.ma\/index.php?rest_route=\/wp\/v2\/product\/31850","targetHints":{"allow":["GET"]}}],"collection":[{"href":"https:\/\/normandie.ma\/index.php?rest_route=\/wp\/v2\/product"}],"about":[{"href":"https:\/\/normandie.ma\/index.php?rest_route=\/wp\/v2\/types\/product"}],"replies":[{"embeddable":true,"href":"https:\/\/normandie.ma\/index.php?rest_route=%2Fwp%2Fv2%2Fcomments&post=31850"}],"wp:featuredmedia":[{"embeddable":true,"href":"https:\/\/normandie.ma\/index.php?rest_route=\/wp\/v2\/media\/31032"}],"wp:attachment":[{"href":"https:\/\/normandie.ma\/index.php?rest_route=%2Fwp%2Fv2%2Fmedia&parent=31850"}],"wp:term":[{"taxonomy":"product_brand","embeddable":true,"href":"https:\/\/normandie.ma\/index.php?rest_route=%2Fwp%2Fv2%2Fproduct_brand&post=31850"},{"taxonomy":"product_cat","embeddable":true,"href":"https:\/\/normandie.ma\/index.php?rest_route=%2Fwp%2Fv2%2Fproduct_cat&post=31850"},{"taxonomy":"product_tag","embeddable":true,"href":"https:\/\/normandie.ma\/index.php?rest_route=%2Fwp%2Fv2%2Fproduct_tag&post=31850"}],"curies":[{"name":"wp","href":"https:\/\/api.w.org\/{rel}","templated":true}]}}