{"id":31856,"date":"2023-05-27T23:20:47","date_gmt":"2023-05-27T23:20:47","guid":{"rendered":"https:\/\/normandie.ma\/?product=cartouche-smok-nfix-pro"},"modified":"2023-05-27T23:20:47","modified_gmt":"2023-05-27T23:20:47","slug":"cartouche-smok-nfix-pro","status":"publish","type":"product","link":"https:\/\/normandie.ma\/?product=cartouche-smok-nfix-pro","title":{"rendered":"Cartouche Smok -Nfix Pro"},"content":{"rendered":"<p>Les cartouches de pod vide Smok Nfix Pro sont sp\u00e9cialement con\u00e7ues pour le kit pod Smok Nfix Pro, avec une capacit\u00e9 de 2ml d\u2019e-liquide.<\/p>\n<p>*** Les r\u00e9sistances ne sont pas incluses.  Capacit\u00e9 de 2ml<br \/>\nCompatibilit\u00e9 avec les r\u00e9sistances SMOK LP1<br \/>\nConvient pour le kit pod Smok Nfix Pro<br \/>\nPlage de r\u00e9sistances : 0,8 ohm \u00e0 1,2 ohm (vendues s\u00e9par\u00e9ment)<br \/>\nPlastique PCTG<br \/>\nStyle MTL<br \/>\nConception \u00e9tanche<br \/>\nConnexion magn\u00e9tique<\/p>\n","protected":false},"excerpt":{"rendered":"<p>Les cartouches de pod vide Smok Nfix Pro sont sp\u00e9cialement con\u00e7ues pour le kit pod Smok Nfix Pro, avec une capacit\u00e9 de 2ml d\u2019e-liquide. *** Les r\u00e9sistances ne sont pas incluses. Capacit\u00e9 de 2ml Compatibilit\u00e9 avec les r\u00e9sistances SMOK LP1 Convient pour le kit pod Smok Nfix Pro Plage de r\u00e9sistances : 0,8 ohm \u00e0 [&hellip;]<\/p>\n","protected":false},"featured_media":31038,"comment_status":"open","ping_status":"closed","template":"","meta":{"om_disable_all_campaigns":false,"_monsterinsights_skip_tracking":false,"_monsterinsights_sitenote_active":false,"_monsterinsights_sitenote_note":"","_monsterinsights_sitenote_category":0},"product_brand":[],"product_cat":[209,227],"product_tag":[],"class_list":{"0":"post-31856","1":"product","2":"type-product","3":"status-publish","4":"has-post-thumbnail","6":"product_cat-cartouches","7":"product_cat-cart-pod","10":"first","11":"instock","12":"featured","13":"shipping-taxable","14":"purchasable","15":"product-type-simple"},"aioseo_notices":[],"jetpack_sharing_enabled":true,"_links":{"self":[{"href":"https:\/\/normandie.ma\/index.php?rest_route=\/wp\/v2\/product\/31856","targetHints":{"allow":["GET"]}}],"collection":[{"href":"https:\/\/normandie.ma\/index.php?rest_route=\/wp\/v2\/product"}],"about":[{"href":"https:\/\/normandie.ma\/index.php?rest_route=\/wp\/v2\/types\/product"}],"replies":[{"embeddable":true,"href":"https:\/\/normandie.ma\/index.php?rest_route=%2Fwp%2Fv2%2Fcomments&post=31856"}],"wp:featuredmedia":[{"embeddable":true,"href":"https:\/\/normandie.ma\/index.php?rest_route=\/wp\/v2\/media\/31038"}],"wp:attachment":[{"href":"https:\/\/normandie.ma\/index.php?rest_route=%2Fwp%2Fv2%2Fmedia&parent=31856"}],"wp:term":[{"taxonomy":"product_brand","embeddable":true,"href":"https:\/\/normandie.ma\/index.php?rest_route=%2Fwp%2Fv2%2Fproduct_brand&post=31856"},{"taxonomy":"product_cat","embeddable":true,"href":"https:\/\/normandie.ma\/index.php?rest_route=%2Fwp%2Fv2%2Fproduct_cat&post=31856"},{"taxonomy":"product_tag","embeddable":true,"href":"https:\/\/normandie.ma\/index.php?rest_route=%2Fwp%2Fv2%2Fproduct_tag&post=31856"}],"curies":[{"name":"wp","href":"https:\/\/api.w.org\/{rel}","templated":true}]}}