{"id":31859,"date":"2023-05-27T23:20:48","date_gmt":"2023-05-27T23:20:48","guid":{"rendered":"https:\/\/normandie.ma\/?product=cartouche-voopoo-argus"},"modified":"2023-06-03T21:28:05","modified_gmt":"2023-06-03T21:28:05","slug":"cartouche-voopoo-argus","status":"publish","type":"product","link":"https:\/\/normandie.ma\/?product=cartouche-voopoo-argus","title":{"rendered":"Cartouche Voopoo Argus"},"content":{"rendered":"<p>Cette cartouche est compatible avec l\u2019Argus Pod 20W et est disponible en deux versions selon la r\u00e9sistance int\u00e9gr\u00e9e. Une version avec une r\u00e9sistance de 0,7ohm et une version avec une r\u00e9sistance de 1,2ohm. Type de mat\u00e9riel : Cartouches pods<br \/>\nContenance (ml) : 2 ml<br \/>\nR\u00e9sistances : de 0.5 \u00e0 1 ohm, plus de 1 ohm<\/p>\n","protected":false},"excerpt":{"rendered":"<p>Cette cartouche est compatible avec l\u2019Argus Pod 20W et est disponible en deux versions selon la r\u00e9sistance int\u00e9gr\u00e9e. Une version avec une r\u00e9sistance de 0,7ohm et une version avec une r\u00e9sistance de 1,2ohm. Type de mat\u00e9riel : Cartouches pods Contenance (ml) : 2 ml R\u00e9sistances : de 0.5 \u00e0 1 ohm, plus de 1 ohm<\/p>\n","protected":false},"featured_media":31044,"comment_status":"open","ping_status":"closed","template":"","meta":{"om_disable_all_campaigns":false,"_monsterinsights_skip_tracking":false,"_monsterinsights_sitenote_active":false,"_monsterinsights_sitenote_note":"","_monsterinsights_sitenote_category":0},"product_brand":[],"product_cat":[209,227],"product_tag":[],"class_list":{"0":"post-31859","1":"product","2":"type-product","3":"status-publish","4":"has-post-thumbnail","6":"product_cat-cartouches","7":"product_cat-cart-pod","10":"first","11":"instock","12":"featured","13":"shipping-taxable","14":"purchasable","15":"product-type-variable"},"aioseo_notices":[],"jetpack_sharing_enabled":true,"_links":{"self":[{"href":"https:\/\/normandie.ma\/index.php?rest_route=\/wp\/v2\/product\/31859","targetHints":{"allow":["GET"]}}],"collection":[{"href":"https:\/\/normandie.ma\/index.php?rest_route=\/wp\/v2\/product"}],"about":[{"href":"https:\/\/normandie.ma\/index.php?rest_route=\/wp\/v2\/types\/product"}],"replies":[{"embeddable":true,"href":"https:\/\/normandie.ma\/index.php?rest_route=%2Fwp%2Fv2%2Fcomments&post=31859"}],"wp:featuredmedia":[{"embeddable":true,"href":"https:\/\/normandie.ma\/index.php?rest_route=\/wp\/v2\/media\/31044"}],"wp:attachment":[{"href":"https:\/\/normandie.ma\/index.php?rest_route=%2Fwp%2Fv2%2Fmedia&parent=31859"}],"wp:term":[{"taxonomy":"product_brand","embeddable":true,"href":"https:\/\/normandie.ma\/index.php?rest_route=%2Fwp%2Fv2%2Fproduct_brand&post=31859"},{"taxonomy":"product_cat","embeddable":true,"href":"https:\/\/normandie.ma\/index.php?rest_route=%2Fwp%2Fv2%2Fproduct_cat&post=31859"},{"taxonomy":"product_tag","embeddable":true,"href":"https:\/\/normandie.ma\/index.php?rest_route=%2Fwp%2Fv2%2Fproduct_tag&post=31859"}],"curies":[{"name":"wp","href":"https:\/\/api.w.org\/{rel}","templated":true}]}}