{"id":31860,"date":"2023-05-27T23:20:48","date_gmt":"2023-05-27T23:20:48","guid":{"rendered":"https:\/\/normandie.ma\/?product=cartouche-galex-freemax"},"modified":"2023-06-03T21:28:54","modified_gmt":"2023-06-03T21:28:54","slug":"cartouche-galex-freemax","status":"publish","type":"product","link":"https:\/\/normandie.ma\/?product=cartouche-galex-freemax","title":{"rendered":"Cartouche Galex \u2013 Freemax"},"content":{"rendered":"<p>La cartouche vide Freemax Galex est con\u00e7ue pour le kit de pod Freemax Galex, avec une capacit\u00e9 de 2 ml d\u2019e-liquide. Taille : 36.47*16.5*23.46mm<br \/>\nCapacit\u00e9 : 2mL<br \/>\nMat\u00e9riel : PCTG<br \/>\nR\u00e9sistance : 0.8\/1.0 ohm<\/p>\n","protected":false},"excerpt":{"rendered":"<p>La cartouche vide Freemax Galex est con\u00e7ue pour le kit de pod Freemax Galex, avec une capacit\u00e9 de 2 ml d\u2019e-liquide. Taille : 36.47*16.5*23.46mm Capacit\u00e9 : 2mL Mat\u00e9riel : PCTG R\u00e9sistance : 0.8\/1.0 ohm<\/p>\n","protected":false},"featured_media":31045,"comment_status":"open","ping_status":"closed","template":"","meta":{"om_disable_all_campaigns":false,"_monsterinsights_skip_tracking":false,"_monsterinsights_sitenote_active":false,"_monsterinsights_sitenote_note":"","_monsterinsights_sitenote_category":0},"product_brand":[],"product_cat":[209,227],"product_tag":[],"class_list":{"0":"post-31860","1":"product","2":"type-product","3":"status-publish","4":"has-post-thumbnail","6":"product_cat-cartouches","7":"product_cat-cart-pod","10":"first","11":"instock","12":"featured","13":"shipping-taxable","14":"purchasable","15":"product-type-variable"},"aioseo_notices":[],"jetpack_sharing_enabled":true,"_links":{"self":[{"href":"https:\/\/normandie.ma\/index.php?rest_route=\/wp\/v2\/product\/31860","targetHints":{"allow":["GET"]}}],"collection":[{"href":"https:\/\/normandie.ma\/index.php?rest_route=\/wp\/v2\/product"}],"about":[{"href":"https:\/\/normandie.ma\/index.php?rest_route=\/wp\/v2\/types\/product"}],"replies":[{"embeddable":true,"href":"https:\/\/normandie.ma\/index.php?rest_route=%2Fwp%2Fv2%2Fcomments&post=31860"}],"wp:featuredmedia":[{"embeddable":true,"href":"https:\/\/normandie.ma\/index.php?rest_route=\/wp\/v2\/media\/31045"}],"wp:attachment":[{"href":"https:\/\/normandie.ma\/index.php?rest_route=%2Fwp%2Fv2%2Fmedia&parent=31860"}],"wp:term":[{"taxonomy":"product_brand","embeddable":true,"href":"https:\/\/normandie.ma\/index.php?rest_route=%2Fwp%2Fv2%2Fproduct_brand&post=31860"},{"taxonomy":"product_cat","embeddable":true,"href":"https:\/\/normandie.ma\/index.php?rest_route=%2Fwp%2Fv2%2Fproduct_cat&post=31860"},{"taxonomy":"product_tag","embeddable":true,"href":"https:\/\/normandie.ma\/index.php?rest_route=%2Fwp%2Fv2%2Fproduct_tag&post=31860"}],"curies":[{"name":"wp","href":"https:\/\/api.w.org\/{rel}","templated":true}]}}