{"id":31861,"date":"2023-05-27T23:20:48","date_gmt":"2023-05-27T23:20:48","guid":{"rendered":"https:\/\/normandie.ma\/?product=cartouche-sculptor-uwell"},"modified":"2026-04-05T20:02:06","modified_gmt":"2026-04-05T20:02:06","slug":"cartouche-sculptor-uwell","status":"publish","type":"product","link":"https:\/\/normandie.ma\/?product=cartouche-sculptor-uwell","title":{"rendered":"Cartouche SCULPTOR \u2013 Uwell"},"content":{"rendered":"<p>La cartouche pod rechargeable Sculptor est con\u00e7ue pour le kit Uwell Sculptor Pod. Elle utilise une connexion magn\u00e9tique et un syst\u00e8me de remplissage lat\u00e9ral \u00e9conomique. Il s\u2019agit d\u2019un pod rechargeable FeCrAI Meshed-H 1.2ohm, avec un syst\u00e8me de remplissage lat\u00e9ral et une capacit\u00e9 d\u2019e-liquide de 1.6ml. Le design concave vous permet de retirer ou de remplacer facilement la cartouche. R\u00e9sistance : 1,2\u03a9<br \/>\nVolume : 1.6ml<\/p>\n","protected":false},"excerpt":{"rendered":"<p>La cartouche pod rechargeable Sculptor est con\u00e7ue pour le kit Uwell Sculptor Pod. Elle utilise une connexion magn\u00e9tique et un syst\u00e8me de remplissage lat\u00e9ral \u00e9conomique. Il s\u2019agit d\u2019un pod rechargeable FeCrAI Meshed-H 1.2ohm, avec un syst\u00e8me de remplissage lat\u00e9ral et une capacit\u00e9 d\u2019e-liquide de 1.6ml. Le design concave vous permet de retirer ou de remplacer [&hellip;]<\/p>\n","protected":false},"featured_media":31046,"comment_status":"open","ping_status":"closed","template":"","meta":{"om_disable_all_campaigns":false,"_monsterinsights_skip_tracking":false,"_monsterinsights_sitenote_active":false,"_monsterinsights_sitenote_note":"","_monsterinsights_sitenote_category":0},"product_brand":[],"product_cat":[209,227],"product_tag":[],"class_list":{"0":"post-31861","1":"product","2":"type-product","3":"status-publish","4":"has-post-thumbnail","6":"product_cat-cartouches","7":"product_cat-cart-pod","10":"first","11":"instock","12":"featured","13":"shipping-taxable","14":"purchasable","15":"product-type-variable"},"aioseo_notices":[],"jetpack_sharing_enabled":true,"_links":{"self":[{"href":"https:\/\/normandie.ma\/index.php?rest_route=\/wp\/v2\/product\/31861","targetHints":{"allow":["GET"]}}],"collection":[{"href":"https:\/\/normandie.ma\/index.php?rest_route=\/wp\/v2\/product"}],"about":[{"href":"https:\/\/normandie.ma\/index.php?rest_route=\/wp\/v2\/types\/product"}],"replies":[{"embeddable":true,"href":"https:\/\/normandie.ma\/index.php?rest_route=%2Fwp%2Fv2%2Fcomments&post=31861"}],"wp:featuredmedia":[{"embeddable":true,"href":"https:\/\/normandie.ma\/index.php?rest_route=\/wp\/v2\/media\/31046"}],"wp:attachment":[{"href":"https:\/\/normandie.ma\/index.php?rest_route=%2Fwp%2Fv2%2Fmedia&parent=31861"}],"wp:term":[{"taxonomy":"product_brand","embeddable":true,"href":"https:\/\/normandie.ma\/index.php?rest_route=%2Fwp%2Fv2%2Fproduct_brand&post=31861"},{"taxonomy":"product_cat","embeddable":true,"href":"https:\/\/normandie.ma\/index.php?rest_route=%2Fwp%2Fv2%2Fproduct_cat&post=31861"},{"taxonomy":"product_tag","embeddable":true,"href":"https:\/\/normandie.ma\/index.php?rest_route=%2Fwp%2Fv2%2Fproduct_tag&post=31861"}],"curies":[{"name":"wp","href":"https:\/\/api.w.org\/{rel}","templated":true}]}}