{"id":31866,"date":"2023-05-27T23:20:50","date_gmt":"2023-05-27T23:20:50","guid":{"rendered":"https:\/\/normandie.ma\/?product=cartouche-lostvape-ursa-pod"},"modified":"2023-05-27T23:20:50","modified_gmt":"2023-05-27T23:20:50","slug":"cartouche-lostvape-ursa-pod","status":"publish","type":"product","link":"https:\/\/normandie.ma\/?product=cartouche-lostvape-ursa-pod","title":{"rendered":"Cartouche LostVape Ursa Pod"},"content":{"rendered":"<p>La cartouche Ursa Pod offre la g\u00e9n\u00e9rosit\u00e9 d\u2019une maxi-capacit\u00e9 ainsi que la fonctionnalit\u00e9 d\u2019un clip lock innovant pour assurer une bonne connexion entre le pod et la batterie.  Marque : Lost Vape<br \/>\nConnectique : propri\u00e9taire<br \/>\nMati\u00e8re du r\u00e9servoir : r\u00e9sine de plastique (PCTG)<br \/>\nR\u00e9sistances compatibles : UB Standard<br \/>\nTaille Drip Tip : 510<br \/>\nCapacit\u00e9 : 6ml<br \/>\nArriv\u00e9e d\u2019air : par le bas<br \/>\n Remplissage : lat\u00e9ral<\/p>\n","protected":false},"excerpt":{"rendered":"<p>La cartouche Ursa Pod offre la g\u00e9n\u00e9rosit\u00e9 d\u2019une maxi-capacit\u00e9 ainsi que la fonctionnalit\u00e9 d\u2019un clip lock innovant pour assurer une bonne connexion entre le pod et la batterie. Marque : Lost Vape Connectique : propri\u00e9taire Mati\u00e8re du r\u00e9servoir : r\u00e9sine de plastique (PCTG) R\u00e9sistances compatibles : UB Standard Taille Drip Tip : 510 Capacit\u00e9 : [&hellip;]<\/p>\n","protected":false},"featured_media":31055,"comment_status":"open","ping_status":"closed","template":"","meta":{"om_disable_all_campaigns":false,"_monsterinsights_skip_tracking":false,"_monsterinsights_sitenote_active":false,"_monsterinsights_sitenote_note":"","_monsterinsights_sitenote_category":0},"product_brand":[],"product_cat":[209,227],"product_tag":[],"class_list":{"0":"post-31866","1":"product","2":"type-product","3":"status-publish","4":"has-post-thumbnail","6":"product_cat-cartouches","7":"product_cat-cart-pod","10":"first","11":"instock","12":"featured","13":"shipping-taxable","14":"purchasable","15":"product-type-simple"},"aioseo_notices":[],"jetpack_sharing_enabled":true,"_links":{"self":[{"href":"https:\/\/normandie.ma\/index.php?rest_route=\/wp\/v2\/product\/31866","targetHints":{"allow":["GET"]}}],"collection":[{"href":"https:\/\/normandie.ma\/index.php?rest_route=\/wp\/v2\/product"}],"about":[{"href":"https:\/\/normandie.ma\/index.php?rest_route=\/wp\/v2\/types\/product"}],"replies":[{"embeddable":true,"href":"https:\/\/normandie.ma\/index.php?rest_route=%2Fwp%2Fv2%2Fcomments&post=31866"}],"wp:featuredmedia":[{"embeddable":true,"href":"https:\/\/normandie.ma\/index.php?rest_route=\/wp\/v2\/media\/31055"}],"wp:attachment":[{"href":"https:\/\/normandie.ma\/index.php?rest_route=%2Fwp%2Fv2%2Fmedia&parent=31866"}],"wp:term":[{"taxonomy":"product_brand","embeddable":true,"href":"https:\/\/normandie.ma\/index.php?rest_route=%2Fwp%2Fv2%2Fproduct_brand&post=31866"},{"taxonomy":"product_cat","embeddable":true,"href":"https:\/\/normandie.ma\/index.php?rest_route=%2Fwp%2Fv2%2Fproduct_cat&post=31866"},{"taxonomy":"product_tag","embeddable":true,"href":"https:\/\/normandie.ma\/index.php?rest_route=%2Fwp%2Fv2%2Fproduct_tag&post=31866"}],"curies":[{"name":"wp","href":"https:\/\/api.w.org\/{rel}","templated":true}]}}