{"id":31867,"date":"2023-05-27T23:20:51","date_gmt":"2023-05-27T23:20:51","guid":{"rendered":"https:\/\/normandie.ma\/?product=pod-de-rechange-geekvape-aegis-boost-3-5ml-2-resistance"},"modified":"2023-05-27T23:20:51","modified_gmt":"2023-05-27T23:20:51","slug":"pod-de-rechange-geekvape-aegis-boost-3-5ml-2-resistance","status":"publish","type":"product","link":"https:\/\/normandie.ma\/?product=pod-de-rechange-geekvape-aegis-boost-3-5ml-2-resistance","title":{"rendered":"Pod de rechange Geekvape Aegis BOOST (3.5ml) + 2 R\u00e9sistance"},"content":{"rendered":"<p>Cette cartouche est enti\u00e8rement compatible avec le pod mod Aegis Boost de Geek Vape.  1 drip tip MTL<br \/>\n1 r\u00e9sistance B Series 0.4 ohm<br \/>\n1 r\u00e9sistance B Series 0.6 ohm<br \/>\nContenance de 3,5 ml<br \/>\nRemplissage par le haut<\/p>\n","protected":false},"excerpt":{"rendered":"<p>Cette cartouche est enti\u00e8rement compatible avec le pod mod Aegis Boost de Geek Vape. 1 drip tip MTL 1 r\u00e9sistance B Series 0.4 ohm 1 r\u00e9sistance B Series 0.6 ohm Contenance de 3,5 ml Remplissage par le haut<\/p>\n","protected":false},"featured_media":31056,"comment_status":"open","ping_status":"closed","template":"","meta":{"om_disable_all_campaigns":false,"_monsterinsights_skip_tracking":false,"_monsterinsights_sitenote_active":false,"_monsterinsights_sitenote_note":"","_monsterinsights_sitenote_category":0},"product_brand":[],"product_cat":[209,227],"product_tag":[],"class_list":{"0":"post-31867","1":"product","2":"type-product","3":"status-publish","4":"has-post-thumbnail","6":"product_cat-cartouches","7":"product_cat-cart-pod","10":"first","11":"instock","12":"featured","13":"shipping-taxable","14":"purchasable","15":"product-type-simple"},"aioseo_notices":[],"jetpack_sharing_enabled":true,"_links":{"self":[{"href":"https:\/\/normandie.ma\/index.php?rest_route=\/wp\/v2\/product\/31867","targetHints":{"allow":["GET"]}}],"collection":[{"href":"https:\/\/normandie.ma\/index.php?rest_route=\/wp\/v2\/product"}],"about":[{"href":"https:\/\/normandie.ma\/index.php?rest_route=\/wp\/v2\/types\/product"}],"replies":[{"embeddable":true,"href":"https:\/\/normandie.ma\/index.php?rest_route=%2Fwp%2Fv2%2Fcomments&post=31867"}],"wp:featuredmedia":[{"embeddable":true,"href":"https:\/\/normandie.ma\/index.php?rest_route=\/wp\/v2\/media\/31056"}],"wp:attachment":[{"href":"https:\/\/normandie.ma\/index.php?rest_route=%2Fwp%2Fv2%2Fmedia&parent=31867"}],"wp:term":[{"taxonomy":"product_brand","embeddable":true,"href":"https:\/\/normandie.ma\/index.php?rest_route=%2Fwp%2Fv2%2Fproduct_brand&post=31867"},{"taxonomy":"product_cat","embeddable":true,"href":"https:\/\/normandie.ma\/index.php?rest_route=%2Fwp%2Fv2%2Fproduct_cat&post=31867"},{"taxonomy":"product_tag","embeddable":true,"href":"https:\/\/normandie.ma\/index.php?rest_route=%2Fwp%2Fv2%2Fproduct_tag&post=31867"}],"curies":[{"name":"wp","href":"https:\/\/api.w.org\/{rel}","templated":true}]}}