{"id":31868,"date":"2023-05-27T23:20:51","date_gmt":"2023-05-27T23:20:51","guid":{"rendered":"https:\/\/normandie.ma\/?product=cartouche-voopoo-ito-x-pod-silver"},"modified":"2023-05-27T23:20:51","modified_gmt":"2023-05-27T23:20:51","slug":"cartouche-voopoo-ito-x-pod-silver","status":"publish","type":"product","link":"https:\/\/normandie.ma\/?product=cartouche-voopoo-ito-x-pod-silver","title":{"rendered":"Cartouche Voopoo ITO-X Pod (Silver)"},"content":{"rendered":"<p>La cartouche de pod ITO-X prendra place exclusivement sur le pod Drag Q de Voopoo. Elle remplacera la cartouche d\u2019origine. Ce r\u00e9servoir d\u2019un diam\u00e8tre d\u2019environ 21 mm offre une belle capacit\u00e9 de 3,5 ml en e-liquide. La cartouche ITO-X sera compatible avec les r\u00e9sistances ITO qui garantiront de belles saveurs \u00e0 travers les diff\u00e9rents types de vape possibles (indirect MTL \/ direct restrictif RDL). Dot\u00e9e d\u2019un drip-tip 510 interchangeable, cette cartouche ITO-X offre une prise en main agr\u00e9able \u00e0 chaque bouff\u00e9e.<\/p>\n<p>Cette cartouche ITO-X est compatible avec les r\u00e9sistances ITO suivantes :<\/p>\n<p>    Voopoo ITO-M0 (0,5 ohm) : plage de 18 \u00e0 25 W (tirage RDL)<br \/>\n    Voopoo ITO-M1 (0,7 ohm) : plage de 14 \u00e0 18 W (tirage MTL)<br \/>\n    Voopoo ITO-M2 (1 ohm) : plage de 10 \u00e0 14 W (tirage MTL)<br \/>\n    Voopoo ITO-M3 (1,2 ohm) : plage de 8 \u00e0 12 W (tirage MTL)<\/p>\n<p>Le mariage entre les performances et l\u2019esth\u00e9tique est r\u00e9ussi par la marque Voopoo !<br \/>\nCette cartouche ITO-X se remplit par le dessus. En d\u00e9vissant le top cap (partie haute de la cartouche Voopoo) vous trouverez 2 petits trous, l\u2019un servant pour le remplissage du r\u00e9servoir (indiqu\u00e9 via des petites gouttes), l\u2019autre \u00e9tant pour laisser s\u2019\u00e9chapper l\u2019air pr\u00e9sent dans le r\u00e9servoir.  <\/p>\n<p>Rappel : Pensez \u00e0 bien amorcer votre r\u00e9sistance neuve lors de son installation. Vous \u00e9viterez ainsi de ressentir le go\u00fbt de br\u00fbl\u00e9 d\u2019une r\u00e9sistance et d\u2019un coton trop sec.<\/p>\n<p>***cartouche vendue sans r\u00e9sistances.<\/p>\n","protected":false},"excerpt":{"rendered":"<p>La cartouche de pod ITO-X prendra place exclusivement sur le pod Drag Q de Voopoo. Elle remplacera la cartouche d\u2019origine. Ce r\u00e9servoir d\u2019un diam\u00e8tre d\u2019environ 21 mm offre une belle capacit\u00e9 de 3,5 ml en e-liquide. La cartouche ITO-X sera compatible avec les r\u00e9sistances ITO qui garantiront de belles saveurs \u00e0 travers les diff\u00e9rents types [&hellip;]<\/p>\n","protected":false},"featured_media":31059,"comment_status":"open","ping_status":"closed","template":"","meta":{"om_disable_all_campaigns":false,"_monsterinsights_skip_tracking":false,"_monsterinsights_sitenote_active":false,"_monsterinsights_sitenote_note":"","_monsterinsights_sitenote_category":0},"product_brand":[],"product_cat":[209,227],"product_tag":[],"class_list":{"0":"post-31868","1":"product","2":"type-product","3":"status-publish","4":"has-post-thumbnail","6":"product_cat-cartouches","7":"product_cat-cart-pod","10":"first","11":"instock","12":"featured","13":"shipping-taxable","14":"purchasable","15":"product-type-simple"},"aioseo_notices":[],"jetpack_sharing_enabled":true,"_links":{"self":[{"href":"https:\/\/normandie.ma\/index.php?rest_route=\/wp\/v2\/product\/31868","targetHints":{"allow":["GET"]}}],"collection":[{"href":"https:\/\/normandie.ma\/index.php?rest_route=\/wp\/v2\/product"}],"about":[{"href":"https:\/\/normandie.ma\/index.php?rest_route=\/wp\/v2\/types\/product"}],"replies":[{"embeddable":true,"href":"https:\/\/normandie.ma\/index.php?rest_route=%2Fwp%2Fv2%2Fcomments&post=31868"}],"wp:featuredmedia":[{"embeddable":true,"href":"https:\/\/normandie.ma\/index.php?rest_route=\/wp\/v2\/media\/31059"}],"wp:attachment":[{"href":"https:\/\/normandie.ma\/index.php?rest_route=%2Fwp%2Fv2%2Fmedia&parent=31868"}],"wp:term":[{"taxonomy":"product_brand","embeddable":true,"href":"https:\/\/normandie.ma\/index.php?rest_route=%2Fwp%2Fv2%2Fproduct_brand&post=31868"},{"taxonomy":"product_cat","embeddable":true,"href":"https:\/\/normandie.ma\/index.php?rest_route=%2Fwp%2Fv2%2Fproduct_cat&post=31868"},{"taxonomy":"product_tag","embeddable":true,"href":"https:\/\/normandie.ma\/index.php?rest_route=%2Fwp%2Fv2%2Fproduct_tag&post=31868"}],"curies":[{"name":"wp","href":"https:\/\/api.w.org\/{rel}","templated":true}]}}