{"id":31869,"date":"2023-05-27T23:20:51","date_gmt":"2023-05-27T23:20:51","guid":{"rendered":"https:\/\/normandie.ma\/?product=cartouche-geekvape-aegis-hero-4ml-2resistances"},"modified":"2023-05-27T23:20:51","modified_gmt":"2023-05-27T23:20:51","slug":"cartouche-geekvape-aegis-hero-4ml-2resistances","status":"publish","type":"product","link":"https:\/\/normandie.ma\/?product=cartouche-geekvape-aegis-hero-4ml-2resistances","title":{"rendered":"Cartouche Geekvape Aegis Hero 4ml + 2R\u00e9sistances"},"content":{"rendered":"<p>Cette cartouche de rechange est con\u00e7ue par GeekVape pour le pod Aegis Hero. Fabriqu\u00e9e en PCTG de qualit\u00e9 alimentaire, elle a une capacit\u00e9 de 4ml, un Airflow r\u00e9glable et un syst\u00e8me de remplissage par le haut ! Cette cartouche est livr\u00e9e avec 2 r\u00e9sistances Aegis Boost en 0.4 et 0.6 Ohm.  Airflow r\u00e9glable : oui<br \/>\nCapacit\u00e9 : 4 ml<br \/>\nRemplissage : par le haut<br \/>\nType de Drip tips : 510<br \/>\n R\u00e9sistances : moins de 0.5 ohm, de 0.5 \u00e0 1 ohm<\/p>\n","protected":false},"excerpt":{"rendered":"<p>Cette cartouche de rechange est con\u00e7ue par GeekVape pour le pod Aegis Hero. Fabriqu\u00e9e en PCTG de qualit\u00e9 alimentaire, elle a une capacit\u00e9 de 4ml, un Airflow r\u00e9glable et un syst\u00e8me de remplissage par le haut ! Cette cartouche est livr\u00e9e avec 2 r\u00e9sistances Aegis Boost en 0.4 et 0.6 Ohm. Airflow r\u00e9glable : oui [&hellip;]<\/p>\n","protected":false},"featured_media":31060,"comment_status":"open","ping_status":"closed","template":"","meta":{"om_disable_all_campaigns":false,"_monsterinsights_skip_tracking":false,"_monsterinsights_sitenote_active":false,"_monsterinsights_sitenote_note":"","_monsterinsights_sitenote_category":0},"product_brand":[],"product_cat":[209,227],"product_tag":[],"class_list":{"0":"post-31869","1":"product","2":"type-product","3":"status-publish","4":"has-post-thumbnail","6":"product_cat-cartouches","7":"product_cat-cart-pod","10":"first","11":"instock","12":"featured","13":"shipping-taxable","14":"purchasable","15":"product-type-simple"},"aioseo_notices":[],"jetpack_sharing_enabled":true,"_links":{"self":[{"href":"https:\/\/normandie.ma\/index.php?rest_route=\/wp\/v2\/product\/31869","targetHints":{"allow":["GET"]}}],"collection":[{"href":"https:\/\/normandie.ma\/index.php?rest_route=\/wp\/v2\/product"}],"about":[{"href":"https:\/\/normandie.ma\/index.php?rest_route=\/wp\/v2\/types\/product"}],"replies":[{"embeddable":true,"href":"https:\/\/normandie.ma\/index.php?rest_route=%2Fwp%2Fv2%2Fcomments&post=31869"}],"wp:featuredmedia":[{"embeddable":true,"href":"https:\/\/normandie.ma\/index.php?rest_route=\/wp\/v2\/media\/31060"}],"wp:attachment":[{"href":"https:\/\/normandie.ma\/index.php?rest_route=%2Fwp%2Fv2%2Fmedia&parent=31869"}],"wp:term":[{"taxonomy":"product_brand","embeddable":true,"href":"https:\/\/normandie.ma\/index.php?rest_route=%2Fwp%2Fv2%2Fproduct_brand&post=31869"},{"taxonomy":"product_cat","embeddable":true,"href":"https:\/\/normandie.ma\/index.php?rest_route=%2Fwp%2Fv2%2Fproduct_cat&post=31869"},{"taxonomy":"product_tag","embeddable":true,"href":"https:\/\/normandie.ma\/index.php?rest_route=%2Fwp%2Fv2%2Fproduct_tag&post=31869"}],"curies":[{"name":"wp","href":"https:\/\/api.w.org\/{rel}","templated":true}]}}