{"id":31882,"date":"2023-05-27T23:21:09","date_gmt":"2023-05-27T23:21:09","guid":{"rendered":"https:\/\/normandie.ma\/?product=iced-coffee-myle-pods"},"modified":"2023-05-27T23:21:09","modified_gmt":"2023-05-27T23:21:09","slug":"iced-coffee-myle-pods","status":"publish","type":"product","link":"https:\/\/normandie.ma\/?product=iced-coffee-myle-pods","title":{"rendered":"Iced Coffee \u2013 Myle pods"},"content":{"rendered":"<p>La cartouche vide de rechange MYLE est con\u00e7ue pour le kit tout-en-un MYLE vous permettant de le remplir avec votre liquide pr\u00e9f\u00e9r\u00e9. Marque : MYLE<br \/>\nCapacit\u00e9 du pod : 0.9ml<br \/>\nBouff\u00e9es : 240 (Approx.)<br \/>\nTaille du produit : 1.88 x 0.71 x 3.7cm<br \/>\nTaille de l\u2019emballage : 7 x 2 x 10cm<br \/>\nPoids du produit : 0.005kg<br \/>\nPoids du paquet : 0.04kg<\/p>\n","protected":false},"excerpt":{"rendered":"<p>La cartouche vide de rechange MYLE est con\u00e7ue pour le kit tout-en-un MYLE vous permettant de le remplir avec votre liquide pr\u00e9f\u00e9r\u00e9. Marque : MYLE Capacit\u00e9 du pod : 0.9ml Bouff\u00e9es : 240 (Approx.) Taille du produit : 1.88 x 0.71 x 3.7cm Taille de l\u2019emballage : 7 x 2 x 10cm Poids du produit [&hellip;]<\/p>\n","protected":false},"featured_media":31078,"comment_status":"open","ping_status":"closed","template":"","meta":{"om_disable_all_campaigns":false,"_monsterinsights_skip_tracking":false,"_monsterinsights_sitenote_active":false,"_monsterinsights_sitenote_note":"","_monsterinsights_sitenote_category":0},"product_brand":[],"product_cat":[209,228],"product_tag":[],"class_list":{"0":"post-31882","1":"product","2":"type-product","3":"status-publish","4":"has-post-thumbnail","6":"product_cat-cartouches","7":"product_cat-cart-jet","10":"first","11":"instock","12":"featured","13":"shipping-taxable","14":"purchasable","15":"product-type-simple"},"aioseo_notices":[],"jetpack_sharing_enabled":true,"_links":{"self":[{"href":"https:\/\/normandie.ma\/index.php?rest_route=\/wp\/v2\/product\/31882","targetHints":{"allow":["GET"]}}],"collection":[{"href":"https:\/\/normandie.ma\/index.php?rest_route=\/wp\/v2\/product"}],"about":[{"href":"https:\/\/normandie.ma\/index.php?rest_route=\/wp\/v2\/types\/product"}],"replies":[{"embeddable":true,"href":"https:\/\/normandie.ma\/index.php?rest_route=%2Fwp%2Fv2%2Fcomments&post=31882"}],"wp:featuredmedia":[{"embeddable":true,"href":"https:\/\/normandie.ma\/index.php?rest_route=\/wp\/v2\/media\/31078"}],"wp:attachment":[{"href":"https:\/\/normandie.ma\/index.php?rest_route=%2Fwp%2Fv2%2Fmedia&parent=31882"}],"wp:term":[{"taxonomy":"product_brand","embeddable":true,"href":"https:\/\/normandie.ma\/index.php?rest_route=%2Fwp%2Fv2%2Fproduct_brand&post=31882"},{"taxonomy":"product_cat","embeddable":true,"href":"https:\/\/normandie.ma\/index.php?rest_route=%2Fwp%2Fv2%2Fproduct_cat&post=31882"},{"taxonomy":"product_tag","embeddable":true,"href":"https:\/\/normandie.ma\/index.php?rest_route=%2Fwp%2Fv2%2Fproduct_tag&post=31882"}],"curies":[{"name":"wp","href":"https:\/\/api.w.org\/{rel}","templated":true}]}}