{"id":31892,"date":"2023-05-27T23:21:13","date_gmt":"2023-05-27T23:21:13","guid":{"rendered":"https:\/\/normandie.ma\/?product=cartouche-jetable-myle-v4-pods-5-6"},"modified":"2023-05-30T22:33:06","modified_gmt":"2023-05-30T22:33:06","slug":"cartouche-jetable-myle-v4-pods-5-6","status":"publish","type":"product","link":"https:\/\/normandie.ma\/?product=cartouche-jetable-myle-v4-pods-5-6","title":{"rendered":"Cartouche Jetable Myle V4 pods 5%"},"content":{"rendered":"<p>MYLE Pods V4 est con\u00e7u pour vous r\u00e9compenser avec deux fois plus de fra\u00eecheur sans compromis. En tant que vapoteur inv\u00e9t\u00e9r\u00e9, ces nouvelles MYLE Pods V4 sont con\u00e7ues pour \u00eatre \u00e0 la page ! 0,9 ml \/ pod magn\u00e9tique<br \/>\n5% de nicotine \/ pod<br \/>\nEnviron 240 bouff\u00e9es \/ pod<br \/>\nDosettes magn\u00e9tiques<br \/>\n\u00c9galement compatibles avec l\u2019\u00e9quipement d\u2019origine MYLE<\/p>\n","protected":false},"excerpt":{"rendered":"<p>MYLE Pods V4 est con\u00e7u pour vous r\u00e9compenser avec deux fois plus de fra\u00eecheur sans compromis. En tant que vapoteur inv\u00e9t\u00e9r\u00e9, ces nouvelles MYLE Pods V4 sont con\u00e7ues pour \u00eatre \u00e0 la page ! 0,9 ml \/ pod magn\u00e9tique 5% de nicotine \/ pod Environ 240 bouff\u00e9es \/ pod Dosettes magn\u00e9tiques \u00c9galement compatibles avec l\u2019\u00e9quipement [&hellip;]<\/p>\n","protected":false},"featured_media":31088,"comment_status":"open","ping_status":"closed","template":"","meta":{"om_disable_all_campaigns":false,"_monsterinsights_skip_tracking":false,"_monsterinsights_sitenote_active":false,"_monsterinsights_sitenote_note":"","_monsterinsights_sitenote_category":0},"product_brand":[],"product_cat":[209,228],"product_tag":[],"class_list":{"0":"post-31892","1":"product","2":"type-product","3":"status-publish","4":"has-post-thumbnail","6":"product_cat-cartouches","7":"product_cat-cart-jet","10":"first","11":"instock","12":"featured","13":"shipping-taxable","14":"purchasable","15":"product-type-variable"},"aioseo_notices":[],"jetpack_sharing_enabled":true,"_links":{"self":[{"href":"https:\/\/normandie.ma\/index.php?rest_route=\/wp\/v2\/product\/31892","targetHints":{"allow":["GET"]}}],"collection":[{"href":"https:\/\/normandie.ma\/index.php?rest_route=\/wp\/v2\/product"}],"about":[{"href":"https:\/\/normandie.ma\/index.php?rest_route=\/wp\/v2\/types\/product"}],"replies":[{"embeddable":true,"href":"https:\/\/normandie.ma\/index.php?rest_route=%2Fwp%2Fv2%2Fcomments&post=31892"}],"wp:featuredmedia":[{"embeddable":true,"href":"https:\/\/normandie.ma\/index.php?rest_route=\/wp\/v2\/media\/31088"}],"wp:attachment":[{"href":"https:\/\/normandie.ma\/index.php?rest_route=%2Fwp%2Fv2%2Fmedia&parent=31892"}],"wp:term":[{"taxonomy":"product_brand","embeddable":true,"href":"https:\/\/normandie.ma\/index.php?rest_route=%2Fwp%2Fv2%2Fproduct_brand&post=31892"},{"taxonomy":"product_cat","embeddable":true,"href":"https:\/\/normandie.ma\/index.php?rest_route=%2Fwp%2Fv2%2Fproduct_cat&post=31892"},{"taxonomy":"product_tag","embeddable":true,"href":"https:\/\/normandie.ma\/index.php?rest_route=%2Fwp%2Fv2%2Fproduct_tag&post=31892"}],"curies":[{"name":"wp","href":"https:\/\/api.w.org\/{rel}","templated":true}]}}