{"id":31940,"date":"2023-05-27T23:21:43","date_gmt":"2023-05-27T23:21:43","guid":{"rendered":"https:\/\/normandie.ma\/?product=cartouche-jetable-stlth-pod-2-10"},"modified":"2023-05-30T15:55:38","modified_gmt":"2023-05-30T15:55:38","slug":"cartouche-jetable-stlth-pod-2-10","status":"publish","type":"product","link":"https:\/\/normandie.ma\/?product=cartouche-jetable-stlth-pod-2-10","title":{"rendered":"Cartouche Jetable Stlth Pod 2%"},"content":{"rendered":"<p>La gamme de saveurs sp\u00e9cialement con\u00e7ues pour la STLTH est propos\u00e9e en 3.5%\/mL avec 2 ml d\u2019e-liquide par cartouche. Nous vous recommandons d\u2019essayer !<\/p>\n<p>Le m\u00e9lange de nicotine est exclusif et a \u00e9t\u00e9 con\u00e7u pour \u00eatre tr\u00e8s doux afin de convenir aux fumeurs adultes qui cherchent \u00e0 passer au tabac traditionnel.<\/p>\n","protected":false},"excerpt":{"rendered":"<p>La gamme de saveurs sp\u00e9cialement con\u00e7ues pour la STLTH est propos\u00e9e en 3.5%\/mL avec 2 ml d\u2019e-liquide par cartouche. Nous vous recommandons d\u2019essayer ! Le m\u00e9lange de nicotine est exclusif et a \u00e9t\u00e9 con\u00e7u pour \u00eatre tr\u00e8s doux afin de convenir aux fumeurs adultes qui cherchent \u00e0 passer au tabac traditionnel.<\/p>\n","protected":false},"featured_media":31136,"comment_status":"open","ping_status":"closed","template":"","meta":{"om_disable_all_campaigns":false,"_monsterinsights_skip_tracking":false,"_monsterinsights_sitenote_active":false,"_monsterinsights_sitenote_note":"","_monsterinsights_sitenote_category":0},"product_brand":[],"product_cat":[209,228],"product_tag":[],"class_list":{"0":"post-31940","1":"product","2":"type-product","3":"status-publish","4":"has-post-thumbnail","6":"product_cat-cartouches","7":"product_cat-cart-jet","10":"first","11":"instock","12":"featured","13":"shipping-taxable","14":"purchasable","15":"product-type-variable"},"aioseo_notices":[],"jetpack_sharing_enabled":true,"_links":{"self":[{"href":"https:\/\/normandie.ma\/index.php?rest_route=\/wp\/v2\/product\/31940","targetHints":{"allow":["GET"]}}],"collection":[{"href":"https:\/\/normandie.ma\/index.php?rest_route=\/wp\/v2\/product"}],"about":[{"href":"https:\/\/normandie.ma\/index.php?rest_route=\/wp\/v2\/types\/product"}],"replies":[{"embeddable":true,"href":"https:\/\/normandie.ma\/index.php?rest_route=%2Fwp%2Fv2%2Fcomments&post=31940"}],"wp:featuredmedia":[{"embeddable":true,"href":"https:\/\/normandie.ma\/index.php?rest_route=\/wp\/v2\/media\/31136"}],"wp:attachment":[{"href":"https:\/\/normandie.ma\/index.php?rest_route=%2Fwp%2Fv2%2Fmedia&parent=31940"}],"wp:term":[{"taxonomy":"product_brand","embeddable":true,"href":"https:\/\/normandie.ma\/index.php?rest_route=%2Fwp%2Fv2%2Fproduct_brand&post=31940"},{"taxonomy":"product_cat","embeddable":true,"href":"https:\/\/normandie.ma\/index.php?rest_route=%2Fwp%2Fv2%2Fproduct_cat&post=31940"},{"taxonomy":"product_tag","embeddable":true,"href":"https:\/\/normandie.ma\/index.php?rest_route=%2Fwp%2Fv2%2Fproduct_tag&post=31940"}],"curies":[{"name":"wp","href":"https:\/\/api.w.org\/{rel}","templated":true}]}}