{"id":31944,"date":"2023-05-27T23:21:58","date_gmt":"2023-05-27T23:21:58","guid":{"rendered":"https:\/\/normandie.ma\/?product=resistance-freemax-md-mesh-pod"},"modified":"2023-05-30T15:52:31","modified_gmt":"2023-05-30T15:52:31","slug":"resistance-freemax-md-mesh-pod","status":"publish","type":"product","link":"https:\/\/normandie.ma\/?product=resistance-freemax-md-mesh-pod","title":{"rendered":"R\u00e9sistance Freemax \u2013 MD Mesh Pod"},"content":{"rendered":"<p>Les cartouches de remplacement FreeMax MD Mesh fonctionnent avec les r\u00e9sistances de remplacement FreeMax Maxpod. Elles sont livr\u00e9es avec des Pod MD Mesh 0,8ohm et 1,2ohm. Taille : 24.38*15.8*36.54mm<br \/>\nCapacit\u00e9 de la Cosse : 2mL<br \/>\nMat\u00e9riau : PCTG<br \/>\nPoids : 9g<br \/>\nR\u00e9sistances : 0.8\/1.2 ohm<\/p>\n","protected":false},"excerpt":{"rendered":"<p>Les cartouches de remplacement FreeMax MD Mesh fonctionnent avec les r\u00e9sistances de remplacement FreeMax Maxpod. Elles sont livr\u00e9es avec des Pod MD Mesh 0,8ohm et 1,2ohm. Taille : 24.38*15.8*36.54mm Capacit\u00e9 de la Cosse : 2mL Mat\u00e9riau : PCTG Poids : 9g R\u00e9sistances : 0.8\/1.2 ohm<\/p>\n","protected":false},"featured_media":31140,"comment_status":"open","ping_status":"closed","template":"","meta":{"om_disable_all_campaigns":false,"_monsterinsights_skip_tracking":false,"_monsterinsights_sitenote_active":false,"_monsterinsights_sitenote_note":"","_monsterinsights_sitenote_category":0},"product_brand":[],"product_cat":[410,409],"product_tag":[],"class_list":{"0":"post-31944","1":"product","2":"type-product","3":"status-publish","4":"has-post-thumbnail","6":"product_cat-freemax-resistances-2","7":"product_cat-resistances-2","10":"first","11":"instock","12":"featured","13":"shipping-taxable","14":"purchasable","15":"product-type-variable"},"aioseo_notices":[],"jetpack_sharing_enabled":true,"_links":{"self":[{"href":"https:\/\/normandie.ma\/index.php?rest_route=\/wp\/v2\/product\/31944","targetHints":{"allow":["GET"]}}],"collection":[{"href":"https:\/\/normandie.ma\/index.php?rest_route=\/wp\/v2\/product"}],"about":[{"href":"https:\/\/normandie.ma\/index.php?rest_route=\/wp\/v2\/types\/product"}],"replies":[{"embeddable":true,"href":"https:\/\/normandie.ma\/index.php?rest_route=%2Fwp%2Fv2%2Fcomments&post=31944"}],"wp:featuredmedia":[{"embeddable":true,"href":"https:\/\/normandie.ma\/index.php?rest_route=\/wp\/v2\/media\/31140"}],"wp:attachment":[{"href":"https:\/\/normandie.ma\/index.php?rest_route=%2Fwp%2Fv2%2Fmedia&parent=31944"}],"wp:term":[{"taxonomy":"product_brand","embeddable":true,"href":"https:\/\/normandie.ma\/index.php?rest_route=%2Fwp%2Fv2%2Fproduct_brand&post=31944"},{"taxonomy":"product_cat","embeddable":true,"href":"https:\/\/normandie.ma\/index.php?rest_route=%2Fwp%2Fv2%2Fproduct_cat&post=31944"},{"taxonomy":"product_tag","embeddable":true,"href":"https:\/\/normandie.ma\/index.php?rest_route=%2Fwp%2Fv2%2Fproduct_tag&post=31944"}],"curies":[{"name":"wp","href":"https:\/\/api.w.org\/{rel}","templated":true}]}}