{"id":31946,"date":"2023-05-27T23:21:59","date_gmt":"2023-05-27T23:21:59","guid":{"rendered":"https:\/\/normandie.ma\/?product=resistance-freemax-fireluke-3"},"modified":"2026-04-23T06:57:33","modified_gmt":"2026-04-23T06:57:33","slug":"resistance-freemax-fireluke-3","status":"publish","type":"product","link":"https:\/\/normandie.ma\/?product=resistance-freemax-fireluke-3","title":{"rendered":"R\u00e9sistance FreeMax Fireluke 3"},"content":{"rendered":"<p>Les r\u00e9sistances FreeMax Fireluke 3 sont construites avec de la fibre de th\u00e9 et la technologie de maille 904L. ces r\u00e9sistances produiront une saveur incroyable avec un nuage magnifique. Les r\u00e9sistances Freemax 904L X mesh sont \u00e9galement compatibles avec le r\u00e9servoir Fireluke M et le r\u00e9servoir Fireluke 2. 904L X1 Mesh Coil (0.15ohm) \u2013 \u00e9valu\u00e9 pour 40-80W<br \/>\n904L X2 Mesh Coil (0.20ohm) \u2013 nominal pour 40-80W<br \/>\n904L X3 Mesh Coil (0.15ohm) \u2013 pour 50-90W<\/p>\n","protected":false},"excerpt":{"rendered":"<p>Les r\u00e9sistances FreeMax Fireluke 3 sont construites avec de la fibre de th\u00e9 et la technologie de maille 904L. ces r\u00e9sistances produiront une saveur incroyable avec un nuage magnifique. Les r\u00e9sistances Freemax 904L X mesh sont \u00e9galement compatibles avec le r\u00e9servoir Fireluke M et le r\u00e9servoir Fireluke 2. 904L X1 Mesh Coil (0.15ohm) \u2013 \u00e9valu\u00e9 [&hellip;]<\/p>\n","protected":false},"featured_media":31142,"comment_status":"open","ping_status":"closed","template":"","meta":{"om_disable_all_campaigns":false,"_monsterinsights_skip_tracking":false,"_monsterinsights_sitenote_active":false,"_monsterinsights_sitenote_note":"","_monsterinsights_sitenote_category":0},"product_brand":[],"product_cat":[410,409],"product_tag":[],"class_list":{"0":"post-31946","1":"product","2":"type-product","3":"status-publish","4":"has-post-thumbnail","6":"product_cat-freemax-resistances-2","7":"product_cat-resistances-2","10":"first","11":"instock","12":"featured","13":"shipping-taxable","14":"purchasable","15":"product-type-variable"},"aioseo_notices":[],"jetpack_sharing_enabled":true,"_links":{"self":[{"href":"https:\/\/normandie.ma\/index.php?rest_route=\/wp\/v2\/product\/31946","targetHints":{"allow":["GET"]}}],"collection":[{"href":"https:\/\/normandie.ma\/index.php?rest_route=\/wp\/v2\/product"}],"about":[{"href":"https:\/\/normandie.ma\/index.php?rest_route=\/wp\/v2\/types\/product"}],"replies":[{"embeddable":true,"href":"https:\/\/normandie.ma\/index.php?rest_route=%2Fwp%2Fv2%2Fcomments&post=31946"}],"wp:featuredmedia":[{"embeddable":true,"href":"https:\/\/normandie.ma\/index.php?rest_route=\/wp\/v2\/media\/31142"}],"wp:attachment":[{"href":"https:\/\/normandie.ma\/index.php?rest_route=%2Fwp%2Fv2%2Fmedia&parent=31946"}],"wp:term":[{"taxonomy":"product_brand","embeddable":true,"href":"https:\/\/normandie.ma\/index.php?rest_route=%2Fwp%2Fv2%2Fproduct_brand&post=31946"},{"taxonomy":"product_cat","embeddable":true,"href":"https:\/\/normandie.ma\/index.php?rest_route=%2Fwp%2Fv2%2Fproduct_cat&post=31946"},{"taxonomy":"product_tag","embeddable":true,"href":"https:\/\/normandie.ma\/index.php?rest_route=%2Fwp%2Fv2%2Fproduct_tag&post=31946"}],"curies":[{"name":"wp","href":"https:\/\/api.w.org\/{rel}","templated":true}]}}