{"id":31947,"date":"2023-05-27T23:21:59","date_gmt":"2023-05-27T23:21:59","guid":{"rendered":"https:\/\/normandie.ma\/?product=resistance-freemax-m-pro-2"},"modified":"2023-05-30T15:50:59","modified_gmt":"2023-05-30T15:50:59","slug":"resistance-freemax-m-pro-2","status":"publish","type":"product","link":"https:\/\/normandie.ma\/?product=resistance-freemax-m-pro-2","title":{"rendered":"R\u00e9sistance FreeMax M Pro 2"},"content":{"rendered":"<p>La r\u00e9sistance FreeMax Mesh Pro 2 est con\u00e7ue pour les r\u00e9servoirs Freemax M pro 2, Mesh Pro Tank et le kit Freemax Maxus 200W. Elle utilise la derni\u00e8re technologie de r\u00e9sistance am\u00e9lior\u00e9e FM COILTECH 4.0. Un nouveau mat\u00e9riau m\u00e9tallique SS904L avec un coton en fibre de th\u00e9 qui vous emm\u00e8ne \u00e0 un niveau sup\u00e9rieur de vapotage. Taille : 19 mm * 31,5 mm (M1), 19,77 mm * 31,15 mm (M2, M3,M4)<br \/>\nPoids : M1 14,3 g, M2 17,2 g, M3 15,8 g, M4 16,5 g<br \/>\nMat\u00e9riau : Maille SS904L \/ Fibre de th\u00e9 en coton<br \/>\nR\u00e9sistance : M1 0.15ohm (40-70W | Best 65W),<br \/>\nM2 0.2ohm (60-90W | Best 80W),<br \/>\nM3 0.15ohm (80-110W | Best 100W),<br \/>\nM4 0.15ohm (70-110W | Best 95W)<br \/>\nAdaptation : R\u00e9servoir FreeMax M Pro 2, R\u00e9servoir FreeMax M Pro, Kit FreeMax Maxus 200W<\/p>\n","protected":false},"excerpt":{"rendered":"<p>La r\u00e9sistance FreeMax Mesh Pro 2 est con\u00e7ue pour les r\u00e9servoirs Freemax M pro 2, Mesh Pro Tank et le kit Freemax Maxus 200W. Elle utilise la derni\u00e8re technologie de r\u00e9sistance am\u00e9lior\u00e9e FM COILTECH 4.0. Un nouveau mat\u00e9riau m\u00e9tallique SS904L avec un coton en fibre de th\u00e9 qui vous emm\u00e8ne \u00e0 un niveau sup\u00e9rieur de [&hellip;]<\/p>\n","protected":false},"featured_media":31145,"comment_status":"open","ping_status":"closed","template":"","meta":{"om_disable_all_campaigns":false,"_monsterinsights_skip_tracking":false,"_monsterinsights_sitenote_active":false,"_monsterinsights_sitenote_note":"","_monsterinsights_sitenote_category":0},"product_brand":[],"product_cat":[410,409],"product_tag":[],"class_list":{"0":"post-31947","1":"product","2":"type-product","3":"status-publish","4":"has-post-thumbnail","6":"product_cat-freemax-resistances-2","7":"product_cat-resistances-2","10":"first","11":"instock","12":"featured","13":"shipping-taxable","14":"purchasable","15":"product-type-variable"},"aioseo_notices":[],"jetpack_sharing_enabled":true,"_links":{"self":[{"href":"https:\/\/normandie.ma\/index.php?rest_route=\/wp\/v2\/product\/31947","targetHints":{"allow":["GET"]}}],"collection":[{"href":"https:\/\/normandie.ma\/index.php?rest_route=\/wp\/v2\/product"}],"about":[{"href":"https:\/\/normandie.ma\/index.php?rest_route=\/wp\/v2\/types\/product"}],"replies":[{"embeddable":true,"href":"https:\/\/normandie.ma\/index.php?rest_route=%2Fwp%2Fv2%2Fcomments&post=31947"}],"wp:featuredmedia":[{"embeddable":true,"href":"https:\/\/normandie.ma\/index.php?rest_route=\/wp\/v2\/media\/31145"}],"wp:attachment":[{"href":"https:\/\/normandie.ma\/index.php?rest_route=%2Fwp%2Fv2%2Fmedia&parent=31947"}],"wp:term":[{"taxonomy":"product_brand","embeddable":true,"href":"https:\/\/normandie.ma\/index.php?rest_route=%2Fwp%2Fv2%2Fproduct_brand&post=31947"},{"taxonomy":"product_cat","embeddable":true,"href":"https:\/\/normandie.ma\/index.php?rest_route=%2Fwp%2Fv2%2Fproduct_cat&post=31947"},{"taxonomy":"product_tag","embeddable":true,"href":"https:\/\/normandie.ma\/index.php?rest_route=%2Fwp%2Fv2%2Fproduct_tag&post=31947"}],"curies":[{"name":"wp","href":"https:\/\/api.w.org\/{rel}","templated":true}]}}