{"id":31949,"date":"2023-05-27T23:22:00","date_gmt":"2023-05-27T23:22:00","guid":{"rendered":"https:\/\/normandie.ma\/?product=resistance-freemax-onnix-dvc-coil"},"modified":"2023-05-27T23:22:00","modified_gmt":"2023-05-27T23:22:00","slug":"resistance-freemax-onnix-dvc-coil","status":"publish","type":"product","link":"https:\/\/normandie.ma\/?product=resistance-freemax-onnix-dvc-coil","title":{"rendered":"Resistance FreeMax Onnix DVC coil"},"content":{"rendered":"<p>La r\u00e9sistance Onnix DVC de Freemax peut \u00eatre utilis\u00e9e pour les pods de la marque Onnix. Elle est con\u00e7ue de Fibre de th\u00e9 en coton qui assure une absorption optimale du e-liquide et une excellente production de vapeur.<\/p>\n","protected":false},"excerpt":{"rendered":"<p>La r\u00e9sistance Onnix DVC de Freemax peut \u00eatre utilis\u00e9e pour les pods de la marque Onnix. Elle est con\u00e7ue de Fibre de th\u00e9 en coton qui assure une absorption optimale du e-liquide et une excellente production de vapeur.<\/p>\n","protected":false},"featured_media":31149,"comment_status":"open","ping_status":"closed","template":"","meta":{"om_disable_all_campaigns":false,"_monsterinsights_skip_tracking":false,"_monsterinsights_sitenote_active":false,"_monsterinsights_sitenote_note":"","_monsterinsights_sitenote_category":0},"product_brand":[],"product_cat":[410,409],"product_tag":[],"class_list":{"0":"post-31949","1":"product","2":"type-product","3":"status-publish","4":"has-post-thumbnail","6":"product_cat-freemax-resistances-2","7":"product_cat-resistances-2","10":"first","11":"instock","12":"featured","13":"shipping-taxable","14":"purchasable","15":"product-type-simple"},"aioseo_notices":[],"jetpack_sharing_enabled":true,"_links":{"self":[{"href":"https:\/\/normandie.ma\/index.php?rest_route=\/wp\/v2\/product\/31949","targetHints":{"allow":["GET"]}}],"collection":[{"href":"https:\/\/normandie.ma\/index.php?rest_route=\/wp\/v2\/product"}],"about":[{"href":"https:\/\/normandie.ma\/index.php?rest_route=\/wp\/v2\/types\/product"}],"replies":[{"embeddable":true,"href":"https:\/\/normandie.ma\/index.php?rest_route=%2Fwp%2Fv2%2Fcomments&post=31949"}],"wp:featuredmedia":[{"embeddable":true,"href":"https:\/\/normandie.ma\/index.php?rest_route=\/wp\/v2\/media\/31149"}],"wp:attachment":[{"href":"https:\/\/normandie.ma\/index.php?rest_route=%2Fwp%2Fv2%2Fmedia&parent=31949"}],"wp:term":[{"taxonomy":"product_brand","embeddable":true,"href":"https:\/\/normandie.ma\/index.php?rest_route=%2Fwp%2Fv2%2Fproduct_brand&post=31949"},{"taxonomy":"product_cat","embeddable":true,"href":"https:\/\/normandie.ma\/index.php?rest_route=%2Fwp%2Fv2%2Fproduct_cat&post=31949"},{"taxonomy":"product_tag","embeddable":true,"href":"https:\/\/normandie.ma\/index.php?rest_route=%2Fwp%2Fv2%2Fproduct_tag&post=31949"}],"curies":[{"name":"wp","href":"https:\/\/api.w.org\/{rel}","templated":true}]}}