{"id":31950,"date":"2023-05-27T23:22:00","date_gmt":"2023-05-27T23:22:00","guid":{"rendered":"https:\/\/normandie.ma\/?product=resistance-freemax-marvos-ms"},"modified":"2023-05-30T15:47:48","modified_gmt":"2023-05-30T15:47:48","slug":"resistance-freemax-marvos-ms","status":"publish","type":"product","link":"https:\/\/normandie.ma\/?product=resistance-freemax-marvos-ms","title":{"rendered":"R\u00e9sistance FreeMax Marvos Ms"},"content":{"rendered":"<p>La r\u00e9sistance Marvos Ms Freemax est compatible avec le Kit Freemax Marvos T 80W. Vous avez le choix entre deux types de coils: 0,15 ohm et 0,35 ohm. Performances exceptionnelles pour cr\u00e9er des nuages abondants et des saveurs merveilleuses \u00e0 40-80W. La r\u00e9sistance Marvos Ms Freemax est fait de maille SS904L de qualit\u00e9 militaire et d\u2019une formule de coton en fibre de th\u00e9 mise \u00e0 jour. Le maillage SS904L de qualit\u00e9 militaire offre une dur\u00e9e de vie plus longue, une plus grande puissance explosive, uniform\u00e9ment et suffisamment chauff\u00e9 Le coton fibre de th\u00e9 adopte un coton de qualit\u00e9 sup\u00e9rieure pour une saveur rafra\u00eechissante, une absorption plus rapide que votre imagination. La combinaison des deux a d\u2019excellentes performances de saveur. Taille: \u03a611,9 * 25,5 mm<br \/>\nMat\u00e9riel: Maillage SS904L \/ coton fibre de th\u00e9<br \/>\nR\u00e9sistance du Coil:<br \/>\n0.15ohm \u2013 Sortie: 60W \u00e0 80W<br \/>\n0.25ohm \u2013 Sortie: 40W \u00e0 60W<br \/>\n0.35ohm \u2013 Sortie: 30W \u00e0 40W<\/p>\n","protected":false},"excerpt":{"rendered":"<p>La r\u00e9sistance Marvos Ms Freemax est compatible avec le Kit Freemax Marvos T 80W. Vous avez le choix entre deux types de coils: 0,15 ohm et 0,35 ohm. Performances exceptionnelles pour cr\u00e9er des nuages abondants et des saveurs merveilleuses \u00e0 40-80W. La r\u00e9sistance Marvos Ms Freemax est fait de maille SS904L de qualit\u00e9 militaire et [&hellip;]<\/p>\n","protected":false},"featured_media":31151,"comment_status":"open","ping_status":"closed","template":"","meta":{"om_disable_all_campaigns":false,"_monsterinsights_skip_tracking":false,"_monsterinsights_sitenote_active":false,"_monsterinsights_sitenote_note":"","_monsterinsights_sitenote_category":0},"product_brand":[],"product_cat":[410,409],"product_tag":[],"class_list":{"0":"post-31950","1":"product","2":"type-product","3":"status-publish","4":"has-post-thumbnail","6":"product_cat-freemax-resistances-2","7":"product_cat-resistances-2","10":"first","11":"instock","12":"featured","13":"shipping-taxable","14":"purchasable","15":"product-type-variable"},"aioseo_notices":[],"jetpack_sharing_enabled":true,"_links":{"self":[{"href":"https:\/\/normandie.ma\/index.php?rest_route=\/wp\/v2\/product\/31950","targetHints":{"allow":["GET"]}}],"collection":[{"href":"https:\/\/normandie.ma\/index.php?rest_route=\/wp\/v2\/product"}],"about":[{"href":"https:\/\/normandie.ma\/index.php?rest_route=\/wp\/v2\/types\/product"}],"replies":[{"embeddable":true,"href":"https:\/\/normandie.ma\/index.php?rest_route=%2Fwp%2Fv2%2Fcomments&post=31950"}],"wp:featuredmedia":[{"embeddable":true,"href":"https:\/\/normandie.ma\/index.php?rest_route=\/wp\/v2\/media\/31151"}],"wp:attachment":[{"href":"https:\/\/normandie.ma\/index.php?rest_route=%2Fwp%2Fv2%2Fmedia&parent=31950"}],"wp:term":[{"taxonomy":"product_brand","embeddable":true,"href":"https:\/\/normandie.ma\/index.php?rest_route=%2Fwp%2Fv2%2Fproduct_brand&post=31950"},{"taxonomy":"product_cat","embeddable":true,"href":"https:\/\/normandie.ma\/index.php?rest_route=%2Fwp%2Fv2%2Fproduct_cat&post=31950"},{"taxonomy":"product_tag","embeddable":true,"href":"https:\/\/normandie.ma\/index.php?rest_route=%2Fwp%2Fv2%2Fproduct_tag&post=31950"}],"curies":[{"name":"wp","href":"https:\/\/api.w.org\/{rel}","templated":true}]}}