{"id":31951,"date":"2023-05-27T23:22:01","date_gmt":"2023-05-27T23:22:01","guid":{"rendered":"https:\/\/normandie.ma\/?product=resistances-freemax-gx-mesh"},"modified":"2023-05-30T15:37:10","modified_gmt":"2023-05-30T15:37:10","slug":"resistances-freemax-gx-mesh","status":"publish","type":"product","link":"https:\/\/normandie.ma\/?product=resistances-freemax-gx-mesh","title":{"rendered":"R\u00e9sistances \u2013 Freemax GX Mesh"},"content":{"rendered":"<p>Les r\u00e9sistances GX Mesh de FreeMax sont compatibles avec tous les kits de la s\u00e9rie Galex \/ Galex Pods. \u00c9quip\u00e9es de la technologie FM SaltCoilTech 4.0, la dur\u00e9e de vie des r\u00e9sistances GX Mesh a \u00e9t\u00e9 consid\u00e9rablement am\u00e9lior\u00e9e et peut durer jusqu\u2019\u00e0 10 recharges. Les r\u00e9sistances GX Mesh ont \u00e9t\u00e9 con\u00e7u de mani\u00e8re innovante pour permettre aux fumeurs de profiter des saveurs les plus pures d\u00e8s la premi\u00e8re bouff\u00e9e. FM SaltCoilTech 4.0<br \/>\nCompatible avec la s\u00e9rie Galex<br \/>\nGX Mesh Coil 0.8ohm<br \/>\nGX Mesh Coil 1.0ohm<br \/>\nRDL Vaping<\/p>\n","protected":false},"excerpt":{"rendered":"<p>Les r\u00e9sistances GX Mesh de FreeMax sont compatibles avec tous les kits de la s\u00e9rie Galex \/ Galex Pods. \u00c9quip\u00e9es de la technologie FM SaltCoilTech 4.0, la dur\u00e9e de vie des r\u00e9sistances GX Mesh a \u00e9t\u00e9 consid\u00e9rablement am\u00e9lior\u00e9e et peut durer jusqu\u2019\u00e0 10 recharges. Les r\u00e9sistances GX Mesh ont \u00e9t\u00e9 con\u00e7u de mani\u00e8re innovante pour [&hellip;]<\/p>\n","protected":false},"featured_media":31152,"comment_status":"open","ping_status":"closed","template":"","meta":{"om_disable_all_campaigns":false,"_monsterinsights_skip_tracking":false,"_monsterinsights_sitenote_active":false,"_monsterinsights_sitenote_note":"","_monsterinsights_sitenote_category":0},"product_brand":[],"product_cat":[410,409],"product_tag":[],"class_list":{"0":"post-31951","1":"product","2":"type-product","3":"status-publish","4":"has-post-thumbnail","6":"product_cat-freemax-resistances-2","7":"product_cat-resistances-2","10":"first","11":"instock","12":"featured","13":"shipping-taxable","14":"purchasable","15":"product-type-variable"},"aioseo_notices":[],"jetpack_sharing_enabled":true,"_links":{"self":[{"href":"https:\/\/normandie.ma\/index.php?rest_route=\/wp\/v2\/product\/31951","targetHints":{"allow":["GET"]}}],"collection":[{"href":"https:\/\/normandie.ma\/index.php?rest_route=\/wp\/v2\/product"}],"about":[{"href":"https:\/\/normandie.ma\/index.php?rest_route=\/wp\/v2\/types\/product"}],"replies":[{"embeddable":true,"href":"https:\/\/normandie.ma\/index.php?rest_route=%2Fwp%2Fv2%2Fcomments&post=31951"}],"wp:featuredmedia":[{"embeddable":true,"href":"https:\/\/normandie.ma\/index.php?rest_route=\/wp\/v2\/media\/31152"}],"wp:attachment":[{"href":"https:\/\/normandie.ma\/index.php?rest_route=%2Fwp%2Fv2%2Fmedia&parent=31951"}],"wp:term":[{"taxonomy":"product_brand","embeddable":true,"href":"https:\/\/normandie.ma\/index.php?rest_route=%2Fwp%2Fv2%2Fproduct_brand&post=31951"},{"taxonomy":"product_cat","embeddable":true,"href":"https:\/\/normandie.ma\/index.php?rest_route=%2Fwp%2Fv2%2Fproduct_cat&post=31951"},{"taxonomy":"product_tag","embeddable":true,"href":"https:\/\/normandie.ma\/index.php?rest_route=%2Fwp%2Fv2%2Fproduct_tag&post=31951"}],"curies":[{"name":"wp","href":"https:\/\/api.w.org\/{rel}","templated":true}]}}