{"id":31955,"date":"2023-05-27T23:22:02","date_gmt":"2023-05-27T23:22:02","guid":{"rendered":"https:\/\/normandie.ma\/?product=resistance-smok-rpm80-rgc"},"modified":"2026-03-30T03:18:41","modified_gmt":"2026-03-30T03:18:41","slug":"resistance-smok-rpm80-rgc","status":"publish","type":"product","link":"https:\/\/normandie.ma\/?product=resistance-smok-rpm80-rgc","title":{"rendered":"R\u00e9sistance Smok RPM80 RGC"},"content":{"rendered":"<p>Les r\u00e9sistances Smok RGC sont compatibles avec les cartouches POD RPM80 et RPM80 Pro. Elles sont disponibles en 0,17 ohm et sont fabriqu\u00e9es en maille. Les r\u00e9sistances RGC Smok sont con\u00e7ues pour produire une vapeur abondante. Marque Compatible : Smok<br \/>\nValeur de la r\u00e9sistance : 0.17ohm<br \/>\nType de r\u00e9sistance : Mesh<br \/>\nPuissance : 40 \u00e0 80W<br \/>\nInhalation : directe \/ tirage a\u00e9rienMarque Compatible : Smok<\/p>\n","protected":false},"excerpt":{"rendered":"<p>Les r\u00e9sistances Smok RGC sont compatibles avec les cartouches POD RPM80 et RPM80 Pro. Elles sont disponibles en 0,17 ohm et sont fabriqu\u00e9es en maille. Les r\u00e9sistances RGC Smok sont con\u00e7ues pour produire une vapeur abondante. Marque Compatible : Smok Valeur de la r\u00e9sistance : 0.17ohm Type de r\u00e9sistance : Mesh Puissance : 40 \u00e0 [&hellip;]<\/p>\n","protected":false},"featured_media":31156,"comment_status":"open","ping_status":"closed","template":"","meta":{"om_disable_all_campaigns":false,"_monsterinsights_skip_tracking":false,"_monsterinsights_sitenote_active":false,"_monsterinsights_sitenote_note":"","_monsterinsights_sitenote_category":0},"product_brand":[],"product_cat":[409,412],"product_tag":[],"class_list":{"0":"post-31955","1":"product","2":"type-product","3":"status-publish","4":"has-post-thumbnail","6":"product_cat-resistances-2","7":"product_cat-smok-resistances-2","10":"first","11":"instock","12":"featured","13":"shipping-taxable","14":"purchasable","15":"product-type-variable"},"aioseo_notices":[],"jetpack_sharing_enabled":true,"_links":{"self":[{"href":"https:\/\/normandie.ma\/index.php?rest_route=\/wp\/v2\/product\/31955","targetHints":{"allow":["GET"]}}],"collection":[{"href":"https:\/\/normandie.ma\/index.php?rest_route=\/wp\/v2\/product"}],"about":[{"href":"https:\/\/normandie.ma\/index.php?rest_route=\/wp\/v2\/types\/product"}],"replies":[{"embeddable":true,"href":"https:\/\/normandie.ma\/index.php?rest_route=%2Fwp%2Fv2%2Fcomments&post=31955"}],"wp:featuredmedia":[{"embeddable":true,"href":"https:\/\/normandie.ma\/index.php?rest_route=\/wp\/v2\/media\/31156"}],"wp:attachment":[{"href":"https:\/\/normandie.ma\/index.php?rest_route=%2Fwp%2Fv2%2Fmedia&parent=31955"}],"wp:term":[{"taxonomy":"product_brand","embeddable":true,"href":"https:\/\/normandie.ma\/index.php?rest_route=%2Fwp%2Fv2%2Fproduct_brand&post=31955"},{"taxonomy":"product_cat","embeddable":true,"href":"https:\/\/normandie.ma\/index.php?rest_route=%2Fwp%2Fv2%2Fproduct_cat&post=31955"},{"taxonomy":"product_tag","embeddable":true,"href":"https:\/\/normandie.ma\/index.php?rest_route=%2Fwp%2Fv2%2Fproduct_tag&post=31955"}],"curies":[{"name":"wp","href":"https:\/\/api.w.org\/{rel}","templated":true}]}}